{"id":3046,"date":"2025-02-19T10:22:07","date_gmt":"2025-02-19T10:22:07","guid":{"rendered":"https:\/\/jcuva.ucm.es\/?page_id=3046"},"modified":"2025-02-27T13:09:18","modified_gmt":"2025-02-27T13:09:18","slug":"economiaemprendimiento","status":"publish","type":"page","link":"https:\/\/jcuva.ucm.es\/?page_id=3046","title":{"rendered":"Economia&amp;Emprendimiento"},"content":{"rendered":"\t\t<div data-elementor-type=\"wp-page\" data-elementor-id=\"3046\" class=\"elementor elementor-3046\" data-elementor-settings=\"{&quot;ha_cmc_init_switcher&quot;:&quot;no&quot;}\">\n\t\t\t\t<div class=\"elementor-element elementor-element-698650f6 e-flex e-con-boxed e-con e-parent\" data-id=\"698650f6\" data-element_type=\"container\" data-settings=\"{&quot;_ha_eqh_enable&quot;:false}\">\n\t\t\t\t\t<div class=\"e-con-inner\">\n\t\t\t\t<div class=\"elementor-element elementor-element-5a75bdd5 elementor-widget elementor-widget-ha-navigation-menu happy-addon ha-navigation-menu\" data-id=\"5a75bdd5\" data-element_type=\"widget\" data-widget_type=\"ha-navigation-menu.default\">\n\t\t\t\t<div class=\"elementor-widget-container\">\n\t\t\t\t\t<nav class=\"ha-nav-menu ha-navigation-menu-wrapper\"><div class=\"menu-seeds-container\">\t\t\t\t<div class=\"ha-nav-humberger-wrapper\">\n\t\t\t\t\t<span class=\"ha-menu-open-icon ha-menu-toggler\" data-humberger=\"open\"><\/span>\n\t\t\t\t\t<span class=\"ha-menu-close-icon ha-menu-toggler hide-icon\" data-humberger=\"close\"><\/span>\n\t\t\t\t<\/div>\n\t\t\t<ul id=\"menu-seeds\" class=\"menu\"><li id=\"menu-item-2818\" class=\"menu-item menu-item-type-post_type menu-item-object-page\"><a href=\"https:\/\/jcuva.ucm.es\/?page_id=2801\"><span class=\"menu-item-title\">Astronom\u00eda<\/span><\/a><\/li>\n<li id=\"menu-item-3058\" class=\"menu-item menu-item-type-post_type menu-item-object-page\"><a href=\"https:\/\/jcuva.ucm.es\/?page_id=3031\"><span class=\"menu-item-title\">Matem\u00e1ticas-IA<\/span><\/a><\/li>\n<li id=\"menu-item-3057\" class=\"menu-item menu-item-type-post_type menu-item-object-page\"><a href=\"https:\/\/jcuva.ucm.es\/?page_id=3034\"><span class=\"menu-item-title\">F\u00edsica<\/span><\/a><\/li>\n<li id=\"menu-item-3056\" class=\"menu-item menu-item-type-post_type menu-item-object-page\"><a href=\"https:\/\/jcuva.ucm.es\/?page_id=3036\"><span class=\"menu-item-title\">El entorno Espacial<\/span><\/a><\/li>\n<li id=\"menu-item-3055\" class=\"menu-item menu-item-type-post_type menu-item-object-page\"><a href=\"https:\/\/jcuva.ucm.es\/?page_id=3038\"><span class=\"menu-item-title\">Historia y Futuro<\/span><\/a><\/li>\n<li id=\"menu-item-3054\" class=\"menu-item menu-item-type-post_type menu-item-object-page\"><a href=\"https:\/\/jcuva.ucm.es\/?page_id=3040\"><span class=\"menu-item-title\">Filosof\u00eda y Derecho<\/span><\/a><\/li>\n<li id=\"menu-item-3053\" class=\"menu-item menu-item-type-post_type menu-item-object-page\"><a href=\"https:\/\/jcuva.ucm.es\/?page_id=3042\"><span class=\"menu-item-title\">Agencias Espaciales<\/span><\/a><\/li>\n<li id=\"menu-item-3052\" class=\"menu-item menu-item-type-post_type menu-item-object-page\"><a href=\"https:\/\/jcuva.ucm.es\/?page_id=3044\"><span class=\"menu-item-title\">Proyectos<\/span><\/a><\/li>\n<li id=\"menu-item-3051\" class=\"menu-item menu-item-type-post_type menu-item-object-page\"><a href=\"https:\/\/jcuva.ucm.es\/?page_id=3046\"><span class=\"menu-item-title\">Emprendimiento<\/span><\/a><\/li>\n<li id=\"menu-item-3050\" class=\"menu-item menu-item-type-post_type menu-item-object-page\"><a href=\"https:\/\/jcuva.ucm.es\/?page_id=3048\"><span class=\"menu-item-title\">Habitabilidad<\/span><\/a><\/li>\n<li id=\"menu-item-3395\" class=\"menu-item menu-item-type-gs_sim menu-item-object-gs_sim\"><div class=\"gtranslate_wrapper\" id=\"gt-wrapper-54028157\"><\/div><\/li>\n<\/ul><\/div><\/nav>\t\t\t\t<\/div>\n\t\t\t\t<\/div>\n\t\t\t\t\t<\/div>\n\t\t\t\t<\/div>\n\t\t<div class=\"elementor-element elementor-element-d99f3b0 e-flex e-con-boxed e-con e-parent\" data-id=\"d99f3b0\" data-element_type=\"container\" data-settings=\"{&quot;_ha_eqh_enable&quot;:false}\">\n\t\t\t\t\t<div class=\"e-con-inner\">\n\t\t\t\t<div class=\"elementor-element elementor-element-b0a8ceb section-title-style-style2 section-title-align-left elementor-widget__width-initial e-transform elementor-widget elementor-widget-tpg-section-title\" data-id=\"b0a8ceb\" data-element_type=\"widget\" data-settings=\"{&quot;_transform_rotateZ_effect&quot;:{&quot;unit&quot;:&quot;px&quot;,&quot;size&quot;:0,&quot;sizes&quot;:[]},&quot;_transform_rotateZ_effect_tablet&quot;:{&quot;unit&quot;:&quot;deg&quot;,&quot;size&quot;:&quot;&quot;,&quot;sizes&quot;:[]},&quot;_transform_rotateZ_effect_mobile&quot;:{&quot;unit&quot;:&quot;deg&quot;,&quot;size&quot;:&quot;&quot;,&quot;sizes&quot;:[]}}\" data-widget_type=\"tpg-section-title.default\">\n\t\t\t\t<div class=\"elementor-widget-container\">\n\t\t\t\t\t\t\t<div class=\"rt-container-fluid rt-tpg-container tpg-el-main-wrapper clearfix  section-title-style-style2 section-title-align-left\">\n\t\t\t<div class='tpg-header-wrapper'>\n        <div class=\"tpg-widget-heading-wrapper rt-clear heading-style2 \">\n            <span class=\"tpg-widget-heading-line line-left\"><\/span>\n\t\t\t<h2 class='tpg-widget-heading'>\n\t\t\t\n\t\t\t\t                    <span>\n\t\t\t\t\t\tEconom\u00eda y Emprendimiento\t\t\t\t\t<\/span>\n\t\t\t\t\t\n\t\t\t\t\t\t\t<\/h2>            <span class=\"tpg-widget-heading-line line-right\"><\/span>\n\n\t\t\t\n        <\/div>\n\n\t\t\n\t\t<\/div>\t\t<\/div>\n\t\t\t\t\t\t<\/div>\n\t\t\t\t<\/div>\n\t\t\t\t\t<\/div>\n\t\t\t\t<\/div>\n\t\t<div class=\"elementor-element elementor-element-63489fbd e-flex e-con-boxed e-con e-parent\" data-id=\"63489fbd\" data-element_type=\"container\" data-settings=\"{&quot;_ha_eqh_enable&quot;:false}\">\n\t\t\t\t\t<div class=\"e-con-inner\">\n\t\t\t\t<div class=\"elementor-element elementor-element-2059b290 elementor-widget elementor-widget-heading\" data-id=\"2059b290\" data-element_type=\"widget\" data-widget_type=\"heading.default\">\n\t\t\t\t<div class=\"elementor-widget-container\">\n\t\t\t\t\t<h4 class=\"elementor-heading-title elementor-size-default\">SEMILLAS .--<\/h4>\t\t\t\t<\/div>\n\t\t\t\t<\/div>\n\t\t\t\t\t<\/div>\n\t\t\t\t<\/div>\n\t\t<div class=\"elementor-element elementor-element-47fbb98 e-flex e-con-boxed e-con e-parent\" data-id=\"47fbb98\" data-element_type=\"container\" data-settings=\"{&quot;_ha_eqh_enable&quot;:false}\">\n\t\t\t\t\t<div class=\"e-con-inner\">\n\t\t\t\t<div class=\"elementor-element elementor-element-3ce7e44 elementor-widget__width-initial elementor-widget elementor-widget-text-editor\" data-id=\"3ce7e44\" data-element_type=\"widget\" data-widget_type=\"text-editor.default\">\n\t\t\t\t<div class=\"elementor-widget-container\">\n\t\t\t\t\t\t\t\t\t<ol><li>The new space economy,<\/li><li>Principales estrategias espaciales.<\/li><li>Sector aeroespacial espa\u00f1ol actual.<\/li><li>Econom\u00eda digital espacial.<\/li><\/ol>\t\t\t\t\t\t\t\t<\/div>\n\t\t\t\t<\/div>\n\t\t\t\t\t<\/div>\n\t\t\t\t<\/div>\n\t\t<div class=\"elementor-element elementor-element-c46a7bc e-flex e-con-boxed e-con e-parent\" data-id=\"c46a7bc\" data-element_type=\"container\" data-settings=\"{&quot;_ha_eqh_enable&quot;:false}\">\n\t\t\t\t\t<div class=\"e-con-inner\">\n\t\t\t\t<div class=\"elementor-element elementor-element-ec38532 elementor-widget elementor-widget-eael-image-accordion\" data-id=\"ec38532\" data-element_type=\"widget\" data-widget_type=\"eael-image-accordion.default\">\n\t\t\t\t<div class=\"elementor-widget-container\">\n\t\t\t\t\t    <div class=\"eael-img-accordion accordion-direction-vertical eael-img-accordion-horizontal-align-left eael-img-accordion-vertical-align-top\" id=\"eael-img-accordion-ec38532\" data-img-accordion-id=\"ec38532\" data-img-accordion-type=\"on-hover\">\n                    \n            <div class=\"eael-image-accordion-hover eael-image-accordion-item overlay-active\" style=\"background-image: url(https:\/\/jcuva.ucm.es\/wp-content\/uploads\/2025\/02\/economia1.png); flex: 3 1 0%;\"  tabindex=\"0\">\n                <div class=\"overlay\">\n                                        <div class=\"overlay-inner  overlay-inner-show\">\n                        <h2 class=\"img-accordion-title\">1. The New Space Economy<\/h2>                            <p><p>La econom\u00eda espacial est\u00e1 revolucionando las oportunidades para empresas m\u00e1s all\u00e1 del \u00e1mbito gubernamental y aeroespacial tradicional. La econom\u00eda espacial est\u00e1 en un punto de inflexi\u00f3n gracias a la reducci\u00f3n de costos y avances tecnol\u00f3gicos. Empresas privadas como SpaceX y Blue Origin est\u00e1n liderando el lanzamiento de sat\u00e9lites y exploraci\u00f3n espacial. Estas actividades est\u00e1n abriendo nuevas oportunidades en sectores como la agricultura, energ\u00eda, miner\u00eda y telecomunicaciones, proporcionando servicios cruciales como internet en \u00e1reas remotas y monitoreo ambiental. La inversi\u00f3n privada en el espacio ha aumentado significativamente, transformando lo que antes era dominio exclusivo de gobiernos en un sector din\u00e1mico y accesible para m\u00faltiples industrias. El optimismo es alto, con predicciones de que se convertir\u00e1 en una industria de billones de d\u00f3lares, gracias a la mejora de aplicaciones existentes y el desarrollo de nuevas. El incremento de la financiaci\u00f3n privada, que super\u00f3 los 10,000 millones de d\u00f3lares en 2021, junto con tecnolog\u00edas como la impresi\u00f3n 3D y los lanzamientos comerciales eficientes, promueve la sostenibilidad y reduce costos, fomentando la innovaci\u00f3n y posibles asociaciones p\u00fablico-privadas.<\/p><\/p>\n                                            <\/div>\n                <\/div>\n            <\/div>\n                    \n            <div class=\"eael-image-accordion-hover eael-image-accordion-item\" style=\"background-image: url(https:\/\/jcuva.ucm.es\/wp-content\/uploads\/2025\/02\/economia2.png);\"  tabindex=\"0\">\n                <div class=\"overlay\">\n                                        <div class=\"overlay-inner \">\n                        <h2 class=\"img-accordion-title\">2. Principales estrategias espaciales<\/h2>                            <p><p>En los \u00faltimos a\u00f1os, las empresas espaciales han adoptado diversas estrategias para acceder al capital. Esto incluye fondos de riesgo privados, escisiones, asociaciones, empresas de adquisici\u00f3n con fines especiales (SPAC) e inversiones internas y de capital de riesgo (VC) en I+D. Estas inversiones han aumentado considerablemente, reflejando el potencial comercial a largo plazo del sector espacial. El dinamismo creciente de la industria est\u00e1 influenciando el comportamiento de los clientes, quienes buscan transferir m\u00e1s riesgos y favorecen modelos comerciales en los que los socios invierten en desarrollo y poseen propiedad intelectual. Los nuevos participantes est\u00e1n aprovechando la financiaci\u00f3n p\u00fablica y privada para liderar oportunidades comerciales en el espacio. Con el r\u00e1pido crecimiento de la financiaci\u00f3n, las estrategias comerciales exitosas est\u00e1n evolucionando r\u00e1pidamente para adaptarse a la innovaci\u00f3n y la competencia en aumento.<\/p><\/p>\n                                            <\/div>\n                <\/div>\n            <\/div>\n                    \n            <div class=\"eael-image-accordion-hover eael-image-accordion-item\" style=\"background-image: url(https:\/\/jcuva.ucm.es\/wp-content\/uploads\/2025\/02\/economia3.png);\"  tabindex=\"0\">\n                <div class=\"overlay\">\n                                        <div class=\"overlay-inner \">\n                        <h2 class=\"img-accordion-title\">3. Sector aeroespacial espa\u00f1ol actual  <\/h2>                            <p><p>Espa\u00f1a destaca en Europa por su industria aeroespacial y de defensa, ocupando el quinto puesto en volumen de ventas y empleo. En 2021, el mercado espa\u00f1ol gener\u00f3 una facturaci\u00f3n de 11.600 millones de euros y emple\u00f3 a m\u00e1s de 50.000 personas. Esta industria ha experimentado un crecimiento significativo en la \u00faltima d\u00e9cada, con un aumento del 42% desde 2012, y una inversi\u00f3n destacada en investigaci\u00f3n y desarrollo, representando el 10% de las ventas del sector. Por otro lado, Espa\u00f1a es clave en programas espaciales europeos como Galileo y Copernicus, contribuyendo a la innovaci\u00f3n y tecnolog\u00eda aeroespacial.<\/p><\/p>\n                                            <\/div>\n                <\/div>\n            <\/div>\n                    \n            <div class=\"eael-image-accordion-hover eael-image-accordion-item\" style=\"background-image: url(https:\/\/jcuva.ucm.es\/wp-content\/uploads\/2025\/02\/economia4.png);\"  tabindex=\"0\">\n                <div class=\"overlay\">\n                                        <div class=\"overlay-inner \">\n                        <h2 class=\"img-accordion-title\">4. Econom\u00eda digital espacial <\/h2>                            <p><p>La econom\u00eda digital espacial est\u00e1 transformando sectores globales como la agricultura, facilitando la conectividad y la gesti\u00f3n eficiente de recursos mediante aplicaciones m\u00f3viles y tecnolog\u00edas emergentes como la inteligencia artificial y el Internet de las cosas. Adem\u00e1s, el uso de sat\u00e9lites para la observaci\u00f3n de la Tierra permite un monitoreo preciso de cultivos y condiciones clim\u00e1ticas, optimizando la producci\u00f3n agr\u00edcola. Estas innovaciones no solo mejoran la toma de decisiones, sino que tambi\u00e9n impulsan la sostenibilidad y la competitividad a nivel global, beneficiando a industrias clave y promoviendo el desarrollo econ\u00f3mico en diversas regiones del mundo.<\/p><\/p>\n                                            <\/div>\n                <\/div>\n            <\/div>\n                <\/div>\n        <style typr=\"text\/css\">\n                    #eael-img-accordion-ec38532 .eael-image-accordion-hover:hover {\n                        flex: 3 1 0% !important;\n                    }\n                    #eael-img-accordion-ec38532 .eael-image-accordion-hover:hover:hover .overlay-inner * {\n                        opacity: 1;\n                        visibility: visible;\n                        transform: none;\n                        transition: all .3s .3s;\n                    }\n                <\/style>\t\t\t\t<\/div>\n\t\t\t\t<\/div>\n\t\t\t\t\t<\/div>\n\t\t\t\t<\/div>\n\t\t\t\t<\/div>\n\t\t","protected":false},"excerpt":{"rendered":"<p>Astronom\u00eda Matem\u00e1ticas-IA F\u00edsica El entorno Espacial Historia y Futuro Filosof\u00eda y Derecho Agencias Espaciales Proyectos Emprendimiento Habitabilidad Econom\u00eda y Emprendimiento SEMILLAS .&#8211; The new space economy, Principales estrategias espaciales. Sector aeroespacial espa\u00f1ol actual. Econom\u00eda digital espacial. 1. The New Space Economy La econom\u00eda espacial est\u00e1 revolucionando las oportunidades para empresas m\u00e1s all\u00e1 del \u00e1mbito gubernamental &hellip; <\/p>\n<p class=\"link-more\"><a href=\"https:\/\/jcuva.ucm.es\/?page_id=3046\" class=\"more-link\">Continue reading<span class=\"screen-reader-text\"> &#8220;Economia&amp;Emprendimiento&#8221;<\/span><\/a><\/p>\n","protected":false},"author":2,"featured_media":0,"parent":0,"menu_order":7,"comment_status":"closed","ping_status":"closed","template":"elementor_header_footer","meta":{"footnotes":""},"class_list":["post-3046","page","type-page","status-publish","hentry"],"rttpg_featured_image_url":null,"rttpg_author":{"display_name":"Sonia P\u00e9rez","author_link":"https:\/\/jcuva.ucm.es\/?author=2"},"rttpg_comment":0,"rttpg_category":null,"rttpg_excerpt":"Astronom\u00eda Matem\u00e1ticas-IA F\u00edsica El entorno Espacial Historia y Futuro Filosof\u00eda y Derecho Agencias Espaciales Proyectos Emprendimiento Habitabilidad Econom\u00eda y Emprendimiento SEMILLAS .&#8211; The new space economy, Principales estrategias espaciales. Sector aeroespacial espa\u00f1ol actual. Econom\u00eda digital espacial. 1. The New Space Economy La econom\u00eda espacial est\u00e1 revolucionando las oportunidades para empresas m\u00e1s all\u00e1 del \u00e1mbito gubernamental&hellip;","_links":{"self":[{"href":"https:\/\/jcuva.ucm.es\/index.php?rest_route=\/wp\/v2\/pages\/3046","targetHints":{"allow":["GET"]}}],"collection":[{"href":"https:\/\/jcuva.ucm.es\/index.php?rest_route=\/wp\/v2\/pages"}],"about":[{"href":"https:\/\/jcuva.ucm.es\/index.php?rest_route=\/wp\/v2\/types\/page"}],"author":[{"embeddable":true,"href":"https:\/\/jcuva.ucm.es\/index.php?rest_route=\/wp\/v2\/users\/2"}],"replies":[{"embeddable":true,"href":"https:\/\/jcuva.ucm.es\/index.php?rest_route=%2Fwp%2Fv2%2Fcomments&post=3046"}],"version-history":[{"count":22,"href":"https:\/\/jcuva.ucm.es\/index.php?rest_route=\/wp\/v2\/pages\/3046\/revisions"}],"predecessor-version":[{"id":3911,"href":"https:\/\/jcuva.ucm.es\/index.php?rest_route=\/wp\/v2\/pages\/3046\/revisions\/3911"}],"wp:attachment":[{"href":"https:\/\/jcuva.ucm.es\/index.php?rest_route=%2Fwp%2Fv2%2Fmedia&parent=3046"}],"curies":[{"name":"wp","href":"https:\/\/api.w.org\/{rel}","templated":true}]}}