{"id":3044,"date":"2025-02-19T10:21:28","date_gmt":"2025-02-19T10:21:28","guid":{"rendered":"https:\/\/jcuva.ucm.es\/?page_id=3044"},"modified":"2025-02-27T13:08:29","modified_gmt":"2025-02-27T13:08:29","slug":"proyectos","status":"publish","type":"page","link":"https:\/\/jcuva.ucm.es\/?page_id=3044","title":{"rendered":"Proyectos"},"content":{"rendered":"\t\t<div data-elementor-type=\"wp-page\" data-elementor-id=\"3044\" class=\"elementor elementor-3044\" data-elementor-settings=\"{&quot;ha_cmc_init_switcher&quot;:&quot;no&quot;}\">\n\t\t\t\t<div class=\"elementor-element elementor-element-6923ea9d e-flex e-con-boxed e-con e-parent\" data-id=\"6923ea9d\" data-element_type=\"container\" data-settings=\"{&quot;_ha_eqh_enable&quot;:false}\">\n\t\t\t\t\t<div class=\"e-con-inner\">\n\t\t\t\t<div class=\"elementor-element elementor-element-f150c05 elementor-widget elementor-widget-ha-navigation-menu happy-addon ha-navigation-menu\" data-id=\"f150c05\" data-element_type=\"widget\" data-widget_type=\"ha-navigation-menu.default\">\n\t\t\t\t<div class=\"elementor-widget-container\">\n\t\t\t\t\t<nav class=\"ha-nav-menu ha-navigation-menu-wrapper\"><div class=\"menu-seeds-container\">\t\t\t\t<div class=\"ha-nav-humberger-wrapper\">\n\t\t\t\t\t<span class=\"ha-menu-open-icon ha-menu-toggler\" data-humberger=\"open\"><\/span>\n\t\t\t\t\t<span class=\"ha-menu-close-icon ha-menu-toggler hide-icon\" data-humberger=\"close\"><\/span>\n\t\t\t\t<\/div>\n\t\t\t<ul id=\"menu-seeds\" class=\"menu\"><li id=\"menu-item-2818\" class=\"menu-item menu-item-type-post_type menu-item-object-page\"><a href=\"https:\/\/jcuva.ucm.es\/?page_id=2801\"><span class=\"menu-item-title\">Astronom\u00eda<\/span><\/a><\/li>\n<li id=\"menu-item-3058\" class=\"menu-item menu-item-type-post_type menu-item-object-page\"><a href=\"https:\/\/jcuva.ucm.es\/?page_id=3031\"><span class=\"menu-item-title\">Matem\u00e1ticas-IA<\/span><\/a><\/li>\n<li id=\"menu-item-3057\" class=\"menu-item menu-item-type-post_type menu-item-object-page\"><a href=\"https:\/\/jcuva.ucm.es\/?page_id=3034\"><span class=\"menu-item-title\">F\u00edsica<\/span><\/a><\/li>\n<li id=\"menu-item-3056\" class=\"menu-item menu-item-type-post_type menu-item-object-page\"><a href=\"https:\/\/jcuva.ucm.es\/?page_id=3036\"><span class=\"menu-item-title\">El entorno Espacial<\/span><\/a><\/li>\n<li id=\"menu-item-3055\" class=\"menu-item menu-item-type-post_type menu-item-object-page\"><a href=\"https:\/\/jcuva.ucm.es\/?page_id=3038\"><span class=\"menu-item-title\">Historia y Futuro<\/span><\/a><\/li>\n<li id=\"menu-item-3054\" class=\"menu-item menu-item-type-post_type menu-item-object-page\"><a href=\"https:\/\/jcuva.ucm.es\/?page_id=3040\"><span class=\"menu-item-title\">Filosof\u00eda y Derecho<\/span><\/a><\/li>\n<li id=\"menu-item-3053\" class=\"menu-item menu-item-type-post_type menu-item-object-page\"><a href=\"https:\/\/jcuva.ucm.es\/?page_id=3042\"><span class=\"menu-item-title\">Agencias Espaciales<\/span><\/a><\/li>\n<li id=\"menu-item-3052\" class=\"menu-item menu-item-type-post_type menu-item-object-page\"><a href=\"https:\/\/jcuva.ucm.es\/?page_id=3044\"><span class=\"menu-item-title\">Proyectos<\/span><\/a><\/li>\n<li id=\"menu-item-3051\" class=\"menu-item menu-item-type-post_type menu-item-object-page\"><a href=\"https:\/\/jcuva.ucm.es\/?page_id=3046\"><span class=\"menu-item-title\">Emprendimiento<\/span><\/a><\/li>\n<li id=\"menu-item-3050\" class=\"menu-item menu-item-type-post_type menu-item-object-page\"><a href=\"https:\/\/jcuva.ucm.es\/?page_id=3048\"><span class=\"menu-item-title\">Habitabilidad<\/span><\/a><\/li>\n<li id=\"menu-item-3395\" class=\"menu-item menu-item-type-gs_sim menu-item-object-gs_sim\"><div class=\"gtranslate_wrapper\" id=\"gt-wrapper-13955349\"><\/div><\/li>\n<\/ul><\/div><\/nav>\t\t\t\t<\/div>\n\t\t\t\t<\/div>\n\t\t\t\t\t<\/div>\n\t\t\t\t<\/div>\n\t\t<div class=\"elementor-element elementor-element-d99f3b0 e-flex e-con-boxed e-con e-parent\" data-id=\"d99f3b0\" data-element_type=\"container\" data-settings=\"{&quot;_ha_eqh_enable&quot;:false}\">\n\t\t\t\t\t<div class=\"e-con-inner\">\n\t\t\t\t<div class=\"elementor-element elementor-element-b0a8ceb section-title-style-style2 section-title-align-left elementor-widget__width-initial e-transform elementor-widget elementor-widget-tpg-section-title\" data-id=\"b0a8ceb\" data-element_type=\"widget\" data-settings=\"{&quot;_transform_rotateZ_effect&quot;:{&quot;unit&quot;:&quot;px&quot;,&quot;size&quot;:0,&quot;sizes&quot;:[]},&quot;_transform_rotateZ_effect_tablet&quot;:{&quot;unit&quot;:&quot;deg&quot;,&quot;size&quot;:&quot;&quot;,&quot;sizes&quot;:[]},&quot;_transform_rotateZ_effect_mobile&quot;:{&quot;unit&quot;:&quot;deg&quot;,&quot;size&quot;:&quot;&quot;,&quot;sizes&quot;:[]}}\" data-widget_type=\"tpg-section-title.default\">\n\t\t\t\t<div class=\"elementor-widget-container\">\n\t\t\t\t\t\t\t<div class=\"rt-container-fluid rt-tpg-container tpg-el-main-wrapper clearfix  section-title-style-style2 section-title-align-left\">\n\t\t\t<div class='tpg-header-wrapper'>\n        <div class=\"tpg-widget-heading-wrapper rt-clear heading-style2 \">\n            <span class=\"tpg-widget-heading-line line-left\"><\/span>\n\t\t\t<h2 class='tpg-widget-heading'>\n\t\t\t\n\t\t\t\t                    <span>\n\t\t\t\t\t\tProyectos\t\t\t\t\t<\/span>\n\t\t\t\t\t\n\t\t\t\t\t\t\t<\/h2>            <span class=\"tpg-widget-heading-line line-right\"><\/span>\n\n\t\t\t\n        <\/div>\n\n\t\t\n\t\t<\/div>\t\t<\/div>\n\t\t\t\t\t\t<\/div>\n\t\t\t\t<\/div>\n\t\t\t\t\t<\/div>\n\t\t\t\t<\/div>\n\t\t<div class=\"elementor-element elementor-element-39d4b972 e-flex e-con-boxed e-con e-parent\" data-id=\"39d4b972\" data-element_type=\"container\" data-settings=\"{&quot;_ha_eqh_enable&quot;:false}\">\n\t\t\t\t\t<div class=\"e-con-inner\">\n\t\t\t\t<div class=\"elementor-element elementor-element-1b46ab31 elementor-widget elementor-widget-heading\" data-id=\"1b46ab31\" data-element_type=\"widget\" data-widget_type=\"heading.default\">\n\t\t\t\t<div class=\"elementor-widget-container\">\n\t\t\t\t\t<h4 class=\"elementor-heading-title elementor-size-default\">SEMILLAS .--<\/h4>\t\t\t\t<\/div>\n\t\t\t\t<\/div>\n\t\t\t\t\t<\/div>\n\t\t\t\t<\/div>\n\t\t<div class=\"elementor-element elementor-element-47fbb98 e-flex e-con-boxed e-con e-parent\" data-id=\"47fbb98\" data-element_type=\"container\" data-settings=\"{&quot;_ha_eqh_enable&quot;:false}\">\n\t\t\t\t\t<div class=\"e-con-inner\">\n\t\t\t\t<div class=\"elementor-element elementor-element-3ce7e44 elementor-widget__width-initial elementor-widget elementor-widget-text-editor\" data-id=\"3ce7e44\" data-element_type=\"widget\" data-widget_type=\"text-editor.default\">\n\t\t\t\t<div class=\"elementor-widget-container\">\n\t\t\t\t\t\t\t\t\t<ol><li>Proceso de planificaci\u00f3n espacial.<\/li><li>An\u00e1lisis de la misi\u00f3n espacial.<\/li><li>Proyecto Zeroe.<\/li><li>Proyecto Zero Debris.<\/li><li>Miner\u00eda espacial.<\/li><li>Miner\u00eda lunar.<\/li><li>Meteoritos y rocas de impacto.<\/li><li>Meteoritos.<\/li><\/ol>\t\t\t\t\t\t\t\t<\/div>\n\t\t\t\t<\/div>\n\t\t\t\t\t<\/div>\n\t\t\t\t<\/div>\n\t\t<div class=\"elementor-element elementor-element-c46a7bc e-flex e-con-boxed e-con e-parent\" data-id=\"c46a7bc\" data-element_type=\"container\" data-settings=\"{&quot;_ha_eqh_enable&quot;:false}\">\n\t\t\t\t\t<div class=\"e-con-inner\">\n\t\t\t\t<div class=\"elementor-element elementor-element-ec38532 elementor-widget elementor-widget-eael-image-accordion\" data-id=\"ec38532\" data-element_type=\"widget\" data-widget_type=\"eael-image-accordion.default\">\n\t\t\t\t<div class=\"elementor-widget-container\">\n\t\t\t\t\t    <div class=\"eael-img-accordion accordion-direction-vertical eael-img-accordion-horizontal-align-left eael-img-accordion-vertical-align-top\" id=\"eael-img-accordion-ec38532\" data-img-accordion-id=\"ec38532\" data-img-accordion-type=\"on-hover\">\n                    \n            <div class=\"eael-image-accordion-hover eael-image-accordion-item overlay-active\" style=\"background-image: url(https:\/\/jcuva.ucm.es\/wp-content\/uploads\/2025\/02\/proyectos1.png); flex: 3 1 0%;\"  tabindex=\"0\">\n                <div class=\"overlay\">\n                                        <div class=\"overlay-inner  overlay-inner-show\">\n                        <h2 class=\"img-accordion-title\">1. Proceso de planificaci\u00f3n espacial<\/h2>                            <p><p>El proceso de planificaci\u00f3n de las misiones espaciales incluye varias fases, desde el lanzamiento, hasta la operaci\u00f3n en \u00f3rbita y el retorno de datos cient\u00edficos. Las operaciones implican la verificaci\u00f3n y validaci\u00f3n en \u00f3rbita, el monitoreo y control de la nave espacial, la gesti\u00f3n de la carga \u00fatil o el procesamiento y distribuci\u00f3n de datos, entre otros. Hay que garantizar la seguridad de la nave, as\u00ed como la correcta implementaci\u00f3n y mantenimiento de la trayectoria. La planificaci\u00f3n tiene que considerar posibles contratiempos, asegurando una reacci\u00f3n r\u00e1pida ante eventos an\u00f3malos para minimizar su impacto. Existen herramientas avanzadas como el Sistema de Planificaci\u00f3n de Misi\u00f3n (MPS) que facilitan la preparaci\u00f3n de estas misiones, utilizado especialmente por las Fuerzas A\u00e9reas.<\/p><\/p>\n                                            <\/div>\n                <\/div>\n            <\/div>\n                    \n            <div class=\"eael-image-accordion-hover eael-image-accordion-item\" style=\"background-image: url(https:\/\/jcuva.ucm.es\/wp-content\/uploads\/2025\/02\/proyectos2.png);\"  tabindex=\"0\">\n                <div class=\"overlay\">\n                                        <div class=\"overlay-inner \">\n                        <h2 class=\"img-accordion-title\">2. An\u00e1lisis de la misi\u00f3n espacial  <\/h2>                            <p><p>El an\u00e1lisis y dise\u00f1o de misiones espaciales es un proceso sistem\u00e1tico que comienza con la definici\u00f3n de uno o m\u00e1s objetivos y varias limitaciones generales. El desarrollo de estas misiones comienza con una primera fase de an\u00e1lisis de misi\u00f3n (fase 0), seguida por fases de viabilidad del proyecto (fase A), definici\u00f3n preliminar y definitiva del proyecto (fases B y C), con un estudio detallado de los requerimientos t\u00e9cnicos de la misi\u00f3n, as\u00ed como por fases posteriores de producci\u00f3n y cualificaci\u00f3n (fase D), y fases finales de lanzamiento, operaciones y fin de vida de la misi\u00f3n (fases E y F). Dado que el espacio es caro, el coste se convierte en una limitaci\u00f3n fundamental para la mayor\u00eda de las misiones espaciales. El an\u00e1lisis y dise\u00f1o de misiones es iterativo, refinando progresivamente tanto los requisitos como los m\u00e9todos para alcanzar los objetivos. Su prop\u00f3sito principal es aumentar la probabilidad de \u00e9xito, disminuir los riesgos y reducir el coste total del proyecto.<\/p><\/p>\n                                            <\/div>\n                <\/div>\n            <\/div>\n                    \n            <div class=\"eael-image-accordion-hover eael-image-accordion-item\" style=\"background-image: url(https:\/\/jcuva.ucm.es\/wp-content\/uploads\/2025\/02\/proyectos03.png);\"  tabindex=\"0\">\n                <div class=\"overlay\">\n                                        <div class=\"overlay-inner \">\n                        <h2 class=\"img-accordion-title\">3. Proyecto Zeroe<\/h2>                            <p><p>El futuro de la aviaci\u00f3n se encamina hacia la sostenibilidad ambiental con el uso de hidr\u00f3geno verde en aviones de cero emisiones, seg\u00fan indicaciones de Luis Guerra, Director de Airbus Space Espa\u00f1a. Esta iniciativa busca reducir la dependencia de combustibles f\u00f3siles y mitigar el impacto ambiental de la industria aeroespacial. Sin embargo, el desaf\u00edo principal es la creaci\u00f3n de una infraestructura global para distribuir hidr\u00f3geno en aeropuertos de todo el mundo. Airbus est\u00e1 colaborando con aerol\u00edneas y autoridades aeroportuarias para desarrollar esta infraestructura, incluyendo la adaptaci\u00f3n del transporte terrestre asociado a los aeropuertos. Se plantea reutilizar la infraestructuras existentes, como redes de gas natural, para transportar hidr\u00f3geno de manera rentable. Este enfoque progresivo allanar\u00e1 el camino hacia una aviaci\u00f3n m\u00e1s limpia y sostenible en la pr\u00f3xima d\u00e9cada, abriendo nuevas posibilidades para la movilidad a\u00e9rea sin emisiones.<\/p><\/p>\n                                            <\/div>\n                <\/div>\n            <\/div>\n                    \n            <div class=\"eael-image-accordion-hover eael-image-accordion-item\" style=\"background-image: url(https:\/\/jcuva.ucm.es\/wp-content\/uploads\/2025\/02\/proyectos4.png);\"  tabindex=\"0\">\n                <div class=\"overlay\">\n                                        <div class=\"overlay-inner \">\n                        <h2 class=\"img-accordion-title\">4. Proyecto Zero Debris <\/h2>                            <p><p>El 28 de julio de 2023, Aeolus, un sat\u00e9lite meteorol\u00f3gico operado por la Agencia Espacial Europea (ESA) y construido por Airbus, complet\u00f3 su misi\u00f3n y se desintegr\u00f3 al reingresar a la atm\u00f3sfera terrestre. Este evento, liderado por Airbus, marca un hito en la historia espacial, siendo la primera reentrada asistida. El proceso comenz\u00f3 en 2021 cuando los equipos de Airbus colaboraron con la ESA para definir y ejecutar este procedimiento innovador. La estrategia implicaba superar desaf\u00edos t\u00e9cnicos, como adaptar la trayectoria de reingreso de Aeolus para garantizar un aterrizaje seguro. A pesar de las limitaciones de dise\u00f1o y misi\u00f3n del sat\u00e9lite, Airbus logr\u00f3 definir una ruta alternativa que permiti\u00f3 una entrada segura en la atm\u00f3sfera, minimizando los riesgos para las poblaciones y el medio ambiente.<\/p><\/p>\n                                            <\/div>\n                <\/div>\n            <\/div>\n                    \n            <div class=\"eael-image-accordion-hover eael-image-accordion-item\" style=\"background-image: url(https:\/\/jcuva.ucm.es\/wp-content\/uploads\/2025\/02\/proyectos5.png);\"  tabindex=\"0\">\n                <div class=\"overlay\">\n                                        <div class=\"overlay-inner \">\n                        <h2 class=\"img-accordion-title\">5. Miner\u00eda espacial<\/h2>                            <p><p>La miner\u00eda espacial representa una perspectiva prometedora en la b\u00fasqueda de recursos minerales esenciales. Los asteroides, ricos en metales preciosos como platino, n\u00edquel, cobre, oro y cobalto, se erigen como objetivos primordiales debido a su abundancia y potencial para abastecer la demanda humana durante milenios. Esta exploraci\u00f3n no solo se limita a asteroides, sino que tambi\u00e9n contempla la Luna y Marte como fuentes de recursos. Con la poblaci\u00f3n mundial en constante aumento y los recursos naturales terrestres menguando r\u00e1pidamente, la miner\u00eda espacial emerge como una soluci\u00f3n a largo plazo para satisfacer las necesidades de la industria global. La miner\u00eda espacial resulta en una nueva v\u00eda para mitigar la escasez de materiales y garantizar el desarrollo sostenible de la humanidad en un contexto de crecimiento poblacional exponencial.<\/p><\/p>\n                                            <\/div>\n                <\/div>\n            <\/div>\n                    \n            <div class=\"eael-image-accordion-hover eael-image-accordion-item\" style=\"background-image: url(https:\/\/jcuva.ucm.es\/wp-content\/uploads\/2025\/02\/proyectos6.png);\"  tabindex=\"0\">\n                <div class=\"overlay\">\n                                        <div class=\"overlay-inner \">\n                        <h2 class=\"img-accordion-title\">6. Miner\u00eda lunar<\/h2>                            <p><p>La Luna, en particular, se destaca por sus ricas reservas de titanio, hierro y aluminio, que est\u00e1n cerca de agotarse en nuestro planeta. Adem\u00e1s, el is\u00f3topo helio-3, encontrado en abundancia lunar, representa un combustible no contaminante ideal para futuras plantas de fusi\u00f3n nuclear. Esta perspectiva motiva a empresas privadas, m\u00e1s all\u00e1 de agencias como la NASA o la ESA, a considerar la colonizaci\u00f3n lunar como una inversi\u00f3n estrat\u00e9gica, abriendo as\u00ed caminos a nuevos descubrimientos y respuestas a preguntas a\u00fan no formuladas.<\/p><\/p>\n                                            <\/div>\n                <\/div>\n            <\/div>\n                    \n            <div class=\"eael-image-accordion-hover eael-image-accordion-item\" style=\"background-image: url(https:\/\/jcuva.ucm.es\/wp-content\/uploads\/2025\/02\/proyectos7.png);\"  tabindex=\"0\">\n                <div class=\"overlay\">\n                                        <div class=\"overlay-inner \">\n                        <h2 class=\"img-accordion-title\">7. Meteoritos y rocas de impacto<\/h2>                            <p><p>Los cr\u00e1teres de impacto terrestres se clasifican en simples y complejos, variando su complejidad con el di\u00e1metro. Estos se forman en varias etapas, comenzando por el contacto y posterior compresi\u00f3n, donde la energ\u00eda cin\u00e9tica del impactador se transforma en ondas de choque, seguidos por una etapa de excavaci\u00f3n, que propaga estas ondas fracturando y desplazando material, creando un revestimiento de fusi\u00f3n y modificaci\u00f3n, donde la gravedad y la mec\u00e1nica de rocas estabilizan la estructura.<br \/>El potencial geol\u00f3gico de los cr\u00e1teres se debe a su capacidad para albergar dep\u00f3sitos minerales. Ejemplo de ello es el cr\u00e1ter Sudbury en Canad\u00e1, con vastos dep\u00f3sitos de n\u00edquel. En total, 60 cr\u00e1teres contienen recursos variados, desde minerales industriales hasta elementos preciosos como oro y diamantes, y recursos energ\u00e9ticos como hidrocarburos y carb\u00f3n. Cabe destacar la relevancia econ\u00f3mica y cient\u00edfica de la exploraci\u00f3n geol\u00f3gica y minera en los cr\u00e1teres.<\/p><\/p>\n                                            <\/div>\n                <\/div>\n            <\/div>\n                    \n            <div class=\"eael-image-accordion-hover eael-image-accordion-item\" style=\"background-image: url(https:\/\/jcuva.ucm.es\/wp-content\/uploads\/2025\/02\/proyectos8.png);\"  tabindex=\"0\">\n                <div class=\"overlay\">\n                                        <div class=\"overlay-inner \">\n                        <h2 class=\"img-accordion-title\">8. Meteoritos<\/h2>                            <p><p style=\"text-align: justify;font-size: 12px\">Un meteorito es un fragmento de un cuerpo celeste que impacta sobre la superficie de la Tierra u otros cuerpos celestes. Cuando los meteoritos entran en la atm\u00f3sfera, la fricci\u00f3n con el aire comienza a calentar la roca, produci\u00e9ndose el fen\u00f3meno lum\u00ednico conocido como meteoros o estrellas fugaces. Este calentamiento conduce a la fusi\u00f3n de la roca, de modo que s\u00f3lo las rocas m\u00e1s grandes consiguen alcanzar la superficie terrestre, formando cr\u00e1teres de impacto. Estos cr\u00e1teres nos ayudan a comprender la escala de riesgo frente a futuros posibles impactos, as\u00ed como a comprender el proceso de formaci\u00f3n de nuestro planeta o del sistema solar y a localizar recursos (tanto en la Tierra como fuera de ella). Se clasifican en simples y complejos, en funci\u00f3n de su di\u00e1metro. Se forman en varias etapas, comenzando con el contacto y posterior compresi\u00f3n, donde la energ\u00eda cin\u00e9tica del meteorito se transforma en energ\u00eda mec\u00e1nica en forma de ondas de choque que se que propagan fracturando y desplazando el sustrato donde ha impactado, creando una nueva estructura material.<br \/>El potencial geol\u00f3gico de los cr\u00e1teres se debe a su capacidad para albergar dep\u00f3sitos minerales.<br \/>Los cr\u00e1teres de impacto han desempe\u00f1ado un papel crucial en la exploraci\u00f3n geof\u00edsica de petr\u00f3leo, gas, carb\u00f3n, elementos de tierras raras, cobre, n\u00edquel, bario, zinc, hierro, plata, oro, platino y agua. Por ejemplo, el cr\u00e1ter Sudbury (Ontario, CA) es una de las principales fuentes actuales de Ni del planeta. El cr\u00e1ter Barringer se form\u00f3 por el impacto de un peque\u00f1o asteroide, cuyos restos se conocen como meteorito Canyon Diablo, un meteorito de Fe y Ni (Tipo IAB-MG).<\/p><\/p>\n                                            <\/div>\n                <\/div>\n            <\/div>\n                <\/div>\n        <style typr=\"text\/css\">\n                    #eael-img-accordion-ec38532 .eael-image-accordion-hover:hover {\n                        flex: 3 1 0% !important;\n                    }\n                    #eael-img-accordion-ec38532 .eael-image-accordion-hover:hover:hover .overlay-inner * {\n                        opacity: 1;\n                        visibility: visible;\n                        transform: none;\n                        transition: all .3s .3s;\n                    }\n                <\/style>\t\t\t\t<\/div>\n\t\t\t\t<\/div>\n\t\t\t\t\t<\/div>\n\t\t\t\t<\/div>\n\t\t\t\t<\/div>\n\t\t","protected":false},"excerpt":{"rendered":"<p>Astronom\u00eda Matem\u00e1ticas-IA F\u00edsica El entorno Espacial Historia y Futuro Filosof\u00eda y Derecho Agencias Espaciales Proyectos Emprendimiento Habitabilidad Proyectos SEMILLAS .&#8211; Proceso de planificaci\u00f3n espacial. An\u00e1lisis de la misi\u00f3n espacial. Proyecto Zeroe. Proyecto Zero Debris. Miner\u00eda espacial. Miner\u00eda lunar. Meteoritos y rocas de impacto. Meteoritos. 1. Proceso de planificaci\u00f3n espacial El proceso de planificaci\u00f3n de las &hellip; <\/p>\n<p class=\"link-more\"><a href=\"https:\/\/jcuva.ucm.es\/?page_id=3044\" class=\"more-link\">Continue reading<span class=\"screen-reader-text\"> &#8220;Proyectos&#8221;<\/span><\/a><\/p>\n","protected":false},"author":2,"featured_media":0,"parent":0,"menu_order":7,"comment_status":"closed","ping_status":"closed","template":"elementor_header_footer","meta":{"footnotes":""},"class_list":["post-3044","page","type-page","status-publish","hentry"],"rttpg_featured_image_url":null,"rttpg_author":{"display_name":"Sonia P\u00e9rez","author_link":"https:\/\/jcuva.ucm.es\/?author=2"},"rttpg_comment":0,"rttpg_category":null,"rttpg_excerpt":"Astronom\u00eda Matem\u00e1ticas-IA F\u00edsica El entorno Espacial Historia y Futuro Filosof\u00eda y Derecho Agencias Espaciales Proyectos Emprendimiento Habitabilidad Proyectos SEMILLAS .&#8211; Proceso de planificaci\u00f3n espacial. An\u00e1lisis de la misi\u00f3n espacial. Proyecto Zeroe. Proyecto Zero Debris. Miner\u00eda espacial. Miner\u00eda lunar. Meteoritos y rocas de impacto. Meteoritos. 1. Proceso de planificaci\u00f3n espacial El proceso de planificaci\u00f3n de las&hellip;","_links":{"self":[{"href":"https:\/\/jcuva.ucm.es\/index.php?rest_route=\/wp\/v2\/pages\/3044","targetHints":{"allow":["GET"]}}],"collection":[{"href":"https:\/\/jcuva.ucm.es\/index.php?rest_route=\/wp\/v2\/pages"}],"about":[{"href":"https:\/\/jcuva.ucm.es\/index.php?rest_route=\/wp\/v2\/types\/page"}],"author":[{"embeddable":true,"href":"https:\/\/jcuva.ucm.es\/index.php?rest_route=\/wp\/v2\/users\/2"}],"replies":[{"embeddable":true,"href":"https:\/\/jcuva.ucm.es\/index.php?rest_route=%2Fwp%2Fv2%2Fcomments&post=3044"}],"version-history":[{"count":46,"href":"https:\/\/jcuva.ucm.es\/index.php?rest_route=\/wp\/v2\/pages\/3044\/revisions"}],"predecessor-version":[{"id":3907,"href":"https:\/\/jcuva.ucm.es\/index.php?rest_route=\/wp\/v2\/pages\/3044\/revisions\/3907"}],"wp:attachment":[{"href":"https:\/\/jcuva.ucm.es\/index.php?rest_route=%2Fwp%2Fv2%2Fmedia&parent=3044"}],"curies":[{"name":"wp","href":"https:\/\/api.w.org\/{rel}","templated":true}]}}