{"id":3042,"date":"2025-02-19T10:21:05","date_gmt":"2025-02-19T10:21:05","guid":{"rendered":"https:\/\/jcuva.ucm.es\/?page_id=3042"},"modified":"2025-02-27T13:07:42","modified_gmt":"2025-02-27T13:07:42","slug":"agencias-espaciales","status":"publish","type":"page","link":"https:\/\/jcuva.ucm.es\/?page_id=3042","title":{"rendered":"Agencias Espaciales"},"content":{"rendered":"\t\t<div data-elementor-type=\"wp-page\" data-elementor-id=\"3042\" class=\"elementor elementor-3042\" data-elementor-settings=\"{&quot;ha_cmc_init_switcher&quot;:&quot;no&quot;}\">\n\t\t\t\t<div class=\"elementor-element elementor-element-1cc0e5d9 e-flex e-con-boxed e-con e-parent\" data-id=\"1cc0e5d9\" data-element_type=\"container\" data-settings=\"{&quot;_ha_eqh_enable&quot;:false}\">\n\t\t\t\t\t<div class=\"e-con-inner\">\n\t\t\t\t<div class=\"elementor-element elementor-element-1463fcbe elementor-widget elementor-widget-ha-navigation-menu happy-addon ha-navigation-menu\" data-id=\"1463fcbe\" data-element_type=\"widget\" data-widget_type=\"ha-navigation-menu.default\">\n\t\t\t\t<div class=\"elementor-widget-container\">\n\t\t\t\t\t<nav class=\"ha-nav-menu ha-navigation-menu-wrapper\"><div class=\"menu-seeds-container\">\t\t\t\t<div class=\"ha-nav-humberger-wrapper\">\n\t\t\t\t\t<span class=\"ha-menu-open-icon ha-menu-toggler\" data-humberger=\"open\"><\/span>\n\t\t\t\t\t<span class=\"ha-menu-close-icon ha-menu-toggler hide-icon\" data-humberger=\"close\"><\/span>\n\t\t\t\t<\/div>\n\t\t\t<ul id=\"menu-seeds\" class=\"menu\"><li id=\"menu-item-2818\" class=\"menu-item menu-item-type-post_type menu-item-object-page\"><a href=\"https:\/\/jcuva.ucm.es\/?page_id=2801\"><span class=\"menu-item-title\">Astronom\u00eda<\/span><\/a><\/li>\n<li id=\"menu-item-3058\" class=\"menu-item menu-item-type-post_type menu-item-object-page\"><a href=\"https:\/\/jcuva.ucm.es\/?page_id=3031\"><span class=\"menu-item-title\">Matem\u00e1ticas-IA<\/span><\/a><\/li>\n<li id=\"menu-item-3057\" class=\"menu-item menu-item-type-post_type menu-item-object-page\"><a href=\"https:\/\/jcuva.ucm.es\/?page_id=3034\"><span class=\"menu-item-title\">F\u00edsica<\/span><\/a><\/li>\n<li id=\"menu-item-3056\" class=\"menu-item menu-item-type-post_type menu-item-object-page\"><a href=\"https:\/\/jcuva.ucm.es\/?page_id=3036\"><span class=\"menu-item-title\">El entorno Espacial<\/span><\/a><\/li>\n<li id=\"menu-item-3055\" class=\"menu-item menu-item-type-post_type menu-item-object-page\"><a href=\"https:\/\/jcuva.ucm.es\/?page_id=3038\"><span class=\"menu-item-title\">Historia y Futuro<\/span><\/a><\/li>\n<li id=\"menu-item-3054\" class=\"menu-item menu-item-type-post_type menu-item-object-page\"><a href=\"https:\/\/jcuva.ucm.es\/?page_id=3040\"><span class=\"menu-item-title\">Filosof\u00eda y Derecho<\/span><\/a><\/li>\n<li id=\"menu-item-3053\" class=\"menu-item menu-item-type-post_type menu-item-object-page\"><a href=\"https:\/\/jcuva.ucm.es\/?page_id=3042\"><span class=\"menu-item-title\">Agencias Espaciales<\/span><\/a><\/li>\n<li id=\"menu-item-3052\" class=\"menu-item menu-item-type-post_type menu-item-object-page\"><a href=\"https:\/\/jcuva.ucm.es\/?page_id=3044\"><span class=\"menu-item-title\">Proyectos<\/span><\/a><\/li>\n<li id=\"menu-item-3051\" class=\"menu-item menu-item-type-post_type menu-item-object-page\"><a href=\"https:\/\/jcuva.ucm.es\/?page_id=3046\"><span class=\"menu-item-title\">Emprendimiento<\/span><\/a><\/li>\n<li id=\"menu-item-3050\" class=\"menu-item menu-item-type-post_type menu-item-object-page\"><a href=\"https:\/\/jcuva.ucm.es\/?page_id=3048\"><span class=\"menu-item-title\">Habitabilidad<\/span><\/a><\/li>\n<li id=\"menu-item-3395\" class=\"menu-item menu-item-type-gs_sim menu-item-object-gs_sim\"><div class=\"gtranslate_wrapper\" id=\"gt-wrapper-80826414\"><\/div><\/li>\n<\/ul><\/div><\/nav>\t\t\t\t<\/div>\n\t\t\t\t<\/div>\n\t\t\t\t\t<\/div>\n\t\t\t\t<\/div>\n\t\t<div class=\"elementor-element elementor-element-d99f3b0 e-flex e-con-boxed e-con e-parent\" data-id=\"d99f3b0\" data-element_type=\"container\" data-settings=\"{&quot;_ha_eqh_enable&quot;:false}\">\n\t\t\t\t\t<div class=\"e-con-inner\">\n\t\t\t\t<div class=\"elementor-element elementor-element-b0a8ceb section-title-style-style2 section-title-align-left elementor-widget__width-initial e-transform elementor-widget elementor-widget-tpg-section-title\" data-id=\"b0a8ceb\" data-element_type=\"widget\" data-settings=\"{&quot;_transform_rotateZ_effect&quot;:{&quot;unit&quot;:&quot;px&quot;,&quot;size&quot;:0,&quot;sizes&quot;:[]},&quot;_transform_rotateZ_effect_tablet&quot;:{&quot;unit&quot;:&quot;deg&quot;,&quot;size&quot;:&quot;&quot;,&quot;sizes&quot;:[]},&quot;_transform_rotateZ_effect_mobile&quot;:{&quot;unit&quot;:&quot;deg&quot;,&quot;size&quot;:&quot;&quot;,&quot;sizes&quot;:[]}}\" data-widget_type=\"tpg-section-title.default\">\n\t\t\t\t<div class=\"elementor-widget-container\">\n\t\t\t\t\t\t\t<div class=\"rt-container-fluid rt-tpg-container tpg-el-main-wrapper clearfix  section-title-style-style2 section-title-align-left\">\n\t\t\t<div class='tpg-header-wrapper'>\n        <div class=\"tpg-widget-heading-wrapper rt-clear heading-style2 \">\n            <span class=\"tpg-widget-heading-line line-left\"><\/span>\n\t\t\t<h2 class='tpg-widget-heading'>\n\t\t\t\n\t\t\t\t                    <span>\n\t\t\t\t\t\tAgencias Espaciales\t\t\t\t\t<\/span>\n\t\t\t\t\t\n\t\t\t\t\t\t\t<\/h2>            <span class=\"tpg-widget-heading-line line-right\"><\/span>\n\n\t\t\t\n        <\/div>\n\n\t\t\n\t\t<\/div>\t\t<\/div>\n\t\t\t\t\t\t<\/div>\n\t\t\t\t<\/div>\n\t\t\t\t\t<\/div>\n\t\t\t\t<\/div>\n\t\t<div class=\"elementor-element elementor-element-3465db3b e-flex e-con-boxed e-con e-parent\" data-id=\"3465db3b\" data-element_type=\"container\" data-settings=\"{&quot;_ha_eqh_enable&quot;:false}\">\n\t\t\t\t\t<div class=\"e-con-inner\">\n\t\t\t\t<div class=\"elementor-element elementor-element-4199cf90 elementor-widget elementor-widget-heading\" data-id=\"4199cf90\" data-element_type=\"widget\" data-widget_type=\"heading.default\">\n\t\t\t\t<div class=\"elementor-widget-container\">\n\t\t\t\t\t<h4 class=\"elementor-heading-title elementor-size-default\">SEMILLAS .--<\/h4>\t\t\t\t<\/div>\n\t\t\t\t<\/div>\n\t\t\t\t\t<\/div>\n\t\t\t\t<\/div>\n\t\t<div class=\"elementor-element elementor-element-47fbb98 e-flex e-con-boxed e-con e-parent\" data-id=\"47fbb98\" data-element_type=\"container\" data-settings=\"{&quot;_ha_eqh_enable&quot;:false}\">\n\t\t\t\t\t<div class=\"e-con-inner\">\n\t\t\t\t<div class=\"elementor-element elementor-element-3ce7e44 elementor-widget__width-initial elementor-widget elementor-widget-text-editor\" data-id=\"3ce7e44\" data-element_type=\"widget\" data-widget_type=\"text-editor.default\">\n\t\t\t\t<div class=\"elementor-widget-container\">\n\t\t\t\t\t\t\t\t\t<ol><li>ESA<\/li><li>ALCE<\/li><li>NASA<\/li><li>RosCosmos<\/li><li>JAXA<\/li><li>ISRO<\/li><li>CNSA<\/li><li>La Agencia Espacial Espa\u00f1ola<\/li><li>Las funciones principales de la Agencia Espacial Espa\u00f1ola.<\/li><\/ol>\t\t\t\t\t\t\t\t<\/div>\n\t\t\t\t<\/div>\n\t\t\t\t\t<\/div>\n\t\t\t\t<\/div>\n\t\t<div class=\"elementor-element elementor-element-c46a7bc e-flex e-con-boxed e-con e-parent\" data-id=\"c46a7bc\" data-element_type=\"container\" data-settings=\"{&quot;_ha_eqh_enable&quot;:false}\">\n\t\t\t\t\t<div class=\"e-con-inner\">\n\t\t\t\t<div class=\"elementor-element elementor-element-ec38532 elementor-widget elementor-widget-eael-image-accordion\" data-id=\"ec38532\" data-element_type=\"widget\" data-widget_type=\"eael-image-accordion.default\">\n\t\t\t\t<div class=\"elementor-widget-container\">\n\t\t\t\t\t    <div class=\"eael-img-accordion accordion-direction-vertical eael-img-accordion-horizontal-align-left eael-img-accordion-vertical-align-top\" id=\"eael-img-accordion-ec38532\" data-img-accordion-id=\"ec38532\" data-img-accordion-type=\"on-hover\">\n                    \n            <div class=\"eael-image-accordion-hover eael-image-accordion-item overlay-active\" style=\"background-image: url(https:\/\/jcuva.ucm.es\/wp-content\/uploads\/2025\/02\/agencias001.png); flex: 3 1 0%;\"  tabindex=\"0\">\n                <div class=\"overlay\">\n                                        <div class=\"overlay-inner  overlay-inner-show\">\n                        <h2 class=\"img-accordion-title\">1. ESA<\/h2>                            <p><p>La Agencia Espacial Europea (ESA), es una organizaci\u00f3n internacional constituida por 22 estados miembros (Espa\u00f1a se incorpor\u00f3 en 1979) algunos de ellos como Canad\u00e1, no pertenecen a la Uni\u00f3n Europea. Fundada en 1975, se encarga de promover la cooperaci\u00f3n en investigaci\u00f3n espacial con fines cient\u00edficos, tecnol\u00f3gicos y comerciales, exclusivamente. La Uni\u00f3n Europea delega en la ESA la gesti\u00f3n de programas como Copernicus que monitoriza continuamente la Tierra estudiando la evoluci\u00f3n de las superficies, vegetaci\u00f3n, agua, atm\u00f3sfera&#8230; . La ESA trabaja conjuntamente con otras agencias espaciales como NASA, Roscosmos o JAXA, en proyectos conjuntos que fortalecen la cooperaci\u00f3n internacional en el espacio. Un ejemplo de ello es la Estaci\u00f3n Espacial Internacional. Puedes encontrar la lista completa de misiones de la ESA en <a href=\"https:\/\/www.esa.int\/ESA\/Our_Missions\"><span style=\"text-decoration: underline\"><span style=\"color: #ffffff;text-decoration: underline\">https:\/\/www.esa.int\/ESA\/Our_Missions<\/span><\/span><\/a><\/p><\/p>\n                                            <\/div>\n                <\/div>\n            <\/div>\n                    \n            <div class=\"eael-image-accordion-hover eael-image-accordion-item\" style=\"background-image: url(https:\/\/jcuva.ucm.es\/wp-content\/uploads\/2025\/02\/agencias0002.png);\"  tabindex=\"0\">\n                <div class=\"overlay\">\n                                        <div class=\"overlay-inner \">\n                        <h2 class=\"img-accordion-title\">2. ALCE<\/h2>                            <p><p>Fundada en 2021, la Agencia Latinoamericana y Caribe\u00f1a del Espacio (ALCE) tiene como objetivo promover la colaboraci\u00f3n entre las 23 naciones miembros coordinando proyectos y misiones que impulsen el desarrollo econ\u00f3mico y tecnol\u00f3gico en Am\u00e9rica Latina, posicion\u00e1ndola como un actor relevante en el escenario espacial internacional.<\/p><\/p>\n                                            <\/div>\n                <\/div>\n            <\/div>\n                    \n            <div class=\"eael-image-accordion-hover eael-image-accordion-item\" style=\"background-image: url(https:\/\/jcuva.ucm.es\/wp-content\/uploads\/2025\/02\/agencias003.png);\"  tabindex=\"0\">\n                <div class=\"overlay\">\n                                        <div class=\"overlay-inner \">\n                        <h2 class=\"img-accordion-title\">3. NASA<\/h2>                            <p><p>La NASA (National Aeronautics and Space Administration) es la agencia gubernamental de los Estados Unidos responsable de la exploraci\u00f3n espacial, la investigaci\u00f3n aeron\u00e1utica y los estudios del espacio exterior. Fundada en 1958 en respuesta al lanzamiento del Sputnik por la Uni\u00f3n Sovi\u00e9tica, la NASA ha liderado numerosos avances cient\u00edficos y tecnol\u00f3gicos, incluyendo el programa Apollo, que culmin\u00f3 con la llegada del hombre a la Luna en 1969, y el desarrollo del transbordador espacial, que permiti\u00f3 misiones repetidas y m\u00e1s asequibles al espacio. Actualmente, la NASA trabaja en proyectos innovadores como el estudio de la ciencia de la Tierra, incluyendo el clima, nuestro Sol, el sistema solar y el universo en general, y la colaboraci\u00f3n internacional en la Estaci\u00f3n Espacial Internacional (EEI), as\u00ed como una fuerte presencia de exploraci\u00f3n en la Luna esta d\u00e9cada a trav\u00e9s de la campa\u00f1a Artemis. Para una lista completa de las misiones NASA, visitar https:\/\/science.nasa.gov\/science-missions\/<\/p><\/p>\n                                            <\/div>\n                <\/div>\n            <\/div>\n                    \n            <div class=\"eael-image-accordion-hover eael-image-accordion-item\" style=\"background-image: url(https:\/\/jcuva.ucm.es\/wp-content\/uploads\/2025\/02\/agencias04.png);\"  tabindex=\"0\">\n                <div class=\"overlay\">\n                                        <div class=\"overlay-inner \">\n                        <h2 class=\"img-accordion-title\">4. ROSCOSMOS<\/h2>                            <p><p>Roscosmos, oficialmente conocida como la Corporaci\u00f3n Estatal de Actividades Espaciales (Roscosmos), es la agencia gubernamental responsable del programa espacial de la Federaci\u00f3n Rusa. Establecida en 1992 tras la disoluci\u00f3n de la Uni\u00f3n Sovi\u00e9tica, Roscosmos hered\u00f3 las capacidades y conocimientos t\u00e9cnicos del programa espacial sovi\u00e9tico, que logr\u00f3 hitos hist\u00f3ricos como el lanzamiento del primer sat\u00e9lite, Sputnik, y el primer vuelo espacial tripulado por Yuri Gagarin. La agencia supervisa el desarrollo y la implementaci\u00f3n de misiones espaciales, tanto tripuladas como no tripuladas, y es un socio clave en la Estaci\u00f3n Espacial Internacional (EEI). Adem\u00e1s, Roscosmos gestiona una serie de lanzamientos comerciales y de sat\u00e9lites, y participa activamente en la exploraci\u00f3n interplanetaria y en la investigaci\u00f3n cient\u00edfica del espacio. Con una vasta infraestructura de centros de lanzamiento y una s\u00f3lida tradici\u00f3n en ingenier\u00eda aeroespacial, Roscosmos contin\u00faa desempe\u00f1ando un papel crucial en la exploraci\u00f3n y el uso pac\u00edfico del espacio exterior.<\/p><\/p>\n                                            <\/div>\n                <\/div>\n            <\/div>\n                    \n            <div class=\"eael-image-accordion-hover eael-image-accordion-item\" style=\"background-image: url(https:\/\/jcuva.ucm.es\/wp-content\/uploads\/2025\/02\/agencias05.png);\"  tabindex=\"0\">\n                <div class=\"overlay\">\n                                        <div class=\"overlay-inner \">\n                        <h2 class=\"img-accordion-title\">5. JAXA<\/h2>                            <p><p>La Agencia Japonesa de Exploraci\u00f3n Aeroespacial, conocida como JAXA (Japan Aerospace Exploration Agency), es la entidad gubernamental encargada de las actividades espaciales y aeroespaciales en Jap\u00f3n. Fundada en 2003 mediante la fusi\u00f3n de tres organizaciones predecesoras, JAXA tiene como misi\u00f3n contribuir al desarrollo y bienestar de la humanidad a trav\u00e9s de la exploraci\u00f3n espacial y la investigaci\u00f3n cient\u00edfica. La agencia ha logrado importantes hitos, como el lanzamiento de la serie de sat\u00e9lites meteorol\u00f3gicos Himawari y las misiones Hayabusa, que han recolectado y tra\u00eddo a la Tierra muestras de asteroides. JAXA tambi\u00e9n colabora estrechamente con otras agencias espaciales internacionales, participando en la Estaci\u00f3n Espacial Internacional (EEI) y contribuyendo con el m\u00f3dulo experimental japon\u00e9s Kibo. Adem\u00e1s, JAXA trabaja en el desarrollo de tecnolog\u00edas avanzadas de observaci\u00f3n terrestre, transporte espacial y exploraci\u00f3n lunar y marciana, consolid\u00e1ndose como una entidad clave en el avance de la ciencia y la tecnolog\u00eda espacial a nivel global.<\/p><\/p>\n                                            <\/div>\n                <\/div>\n            <\/div>\n                    \n            <div class=\"eael-image-accordion-hover eael-image-accordion-item\" style=\"background-image: url(https:\/\/jcuva.ucm.es\/wp-content\/uploads\/2025\/02\/agencias06.png);\"  tabindex=\"0\">\n                <div class=\"overlay\">\n                                        <div class=\"overlay-inner \">\n                        <h2 class=\"img-accordion-title\">6. ISRO<\/h2>                            <p><p>La Organizaci\u00f3n de Investigaci\u00f3n Espacial de la India, conocida como ISRO (Indian Space Research Organisation), es la agencia espacial gubernamental de la India, responsable del desarrollo de tecnolog\u00edas espaciales y su aplicaci\u00f3n en diversas tareas nacionales. Fundada en 1969, ISRO ha logrado un progreso significativo en la exploraci\u00f3n espacial, destac\u00e1ndose por sus misiones econ\u00f3micas y eficientes. Entre sus logros m\u00e1s notables se encuentran el lanzamiento del sat\u00e9lite Chandrayaan-1, que descubri\u00f3 agua en la Luna, y la misi\u00f3n Mangalyaan (Mars Orbiter Mission), que hizo de India el primer pa\u00eds en llegar a Marte en su primer intento y a un costo relativamente bajo. ISRO tambi\u00e9n ha desarrollado una serie de sat\u00e9lites para comunicaci\u00f3n, navegaci\u00f3n y observaci\u00f3n terrestre, contribuyendo significativamente a la gesti\u00f3n de recursos naturales, la predicci\u00f3n meteorol\u00f3gica y la mejora de las telecomunicaciones en el pa\u00eds. Con una visi\u00f3n de autodependencia y la colaboraci\u00f3n internacional, ISRO contin\u00faa expandiendo sus horizontes hacia nuevas fronteras en la ciencia y tecnolog\u00eda espacial.<\/p><\/p>\n                                            <\/div>\n                <\/div>\n            <\/div>\n                    \n            <div class=\"eael-image-accordion-hover eael-image-accordion-item\" style=\"background-image: url(https:\/\/jcuva.ucm.es\/wp-content\/uploads\/2025\/02\/agencias07.png);\"  tabindex=\"0\">\n                <div class=\"overlay\">\n                                        <div class=\"overlay-inner \">\n                        <h2 class=\"img-accordion-title\">7. CNSA<\/h2>                            <p><p>La Administraci\u00f3n Nacional del Espacio de China, conocida como CNSA (China National Space Administration), es la agencia gubernamental responsable del programa espacial de la Rep\u00fablica Popular China. Establecida en 1993, CNSA ha emergido r\u00e1pidamente como uno de los principales actores en la exploraci\u00f3n espacial mundial. La agencia ha logrado hitos impresionantes, incluyendo el lanzamiento del primer taikonauta al espacio en 2003, y la exitosa misi\u00f3n Chang&#8217;e, que logr\u00f3 aterrizar en el lado oculto de la Luna en 2019. Adem\u00e1s, CNSA ha desarrollado la estaci\u00f3n espacial Tiangong, marcando un avance significativo en la capacidad de China para mantener una presencia humana prolongada en el espacio. La agencia tambi\u00e9n ha enviado rovers a Marte, con la misi\u00f3n Tianwen-1, y ha desplegado sat\u00e9lites para una amplia gama de aplicaciones, desde la observaci\u00f3n terrestre hasta la navegaci\u00f3n y las comunicaciones. Con una visi\u00f3n ambiciosa que incluye misiones lunares tripuladas y la exploraci\u00f3n de asteroides, CNSA contin\u00faa consolid\u00e1ndose como un l\u00edder en la innovaci\u00f3n y exploraci\u00f3n espacial.<\/p><\/p>\n                                            <\/div>\n                <\/div>\n            <\/div>\n                    \n            <div class=\"eael-image-accordion-hover eael-image-accordion-item\" style=\"background-image: url(https:\/\/jcuva.ucm.es\/wp-content\/uploads\/2025\/02\/agencias8.png);\"  tabindex=\"0\">\n                <div class=\"overlay\">\n                                        <div class=\"overlay-inner \">\n                        <h2 class=\"img-accordion-title\">8. La Agencia Espacial Espa\u00f1ola <\/h2>                            <p><p style=\"text-align: justify;font-size: 12px\">La Agencia Espacial Espa\u00f1ola (AEE) fue creada formalmente en 2023 con el objetivo de coordinar los esfuerzos nacionales en el sector espacial. La AEE trabaja para unificar y dirigir las actividades espaciales de Espa\u00f1a, asegurando la cooperaci\u00f3n eficiente entre diferentes organismos y facilitando la colaboraci\u00f3n internacional. Esta agencia desempe\u00f1ar\u00e1 un papel fundamental en la estrategia espacial del pa\u00eds, apoyando tanto a grandes empresas como a pymes y startups en el desarrollo de tecnolog\u00edas espaciales que promuevan la investigaci\u00f3n y la innovaci\u00f3n.<br \/>Se divide en varios \u00f3rganos clave:<\/p><p style=\"text-align: justify;font-size: 12px\">&#8211; Consejo Rector: M\u00e1ximo \u00f3rgano de gobierno, presidido por el Ministro de Ciencia e Innovaci\u00f3n y compuesto por representantes ministeriales, auton\u00f3micos y expertos.<\/p><p style=\"text-align: justify;font-size: 12px\">&#8211; Direcci\u00f3n de la Agencia: Dirigida por un Director General, responsable de la gesti\u00f3n y administraci\u00f3n de la AEE y de ejecutar las decisiones del Consejo Rector.<\/p><p style=\"text-align: justify;font-size: 12px\">&#8211; Comit\u00e9 de Coordinaci\u00f3n: Coordina actividades y programas de la AEE con otras entidades nacionales e internacionales, compuesto por representantes de diversas \u00e1reas.<\/p><p style=\"text-align: justify;font-size: 12px\">&#8211; Comisiones y Grupos de Trabajo: Abordan aspectos t\u00e9cnicos y cient\u00edficos espec\u00edficos relacionados con las actividades espaciales.<\/p><p style=\"text-align: justify;font-size: 12px\">&#8211; \u00d3rganos T\u00e9cnicos y Cient\u00edficos: Departamentos y unidades especializadas que brindan soporte t\u00e9cnico y cient\u00edfico para misiones y proyectos.<\/p><p style=\"text-align: justify;font-size: 12px\">&#8211; Unidad de Coordinaci\u00f3n y Gesti\u00f3n Administrativa: Maneja la gesti\u00f3n administrativa, financiera y de recursos humanos de la Agencia.<\/p><\/p>\n                                            <\/div>\n                <\/div>\n            <\/div>\n                    \n            <div class=\"eael-image-accordion-hover eael-image-accordion-item\" style=\"background-image: url(https:\/\/jcuva.ucm.es\/wp-content\/uploads\/2025\/02\/agencias9.png);\"  tabindex=\"0\">\n                <div class=\"overlay\">\n                                        <div class=\"overlay-inner \">\n                        <h2 class=\"img-accordion-title\">9. Funciones principales de la Agencia Espacial Espa\u00f1ola<\/h2>                            <p><p>El Programa Nacional de Vigilancia y Seguimiento Espacial (S3T) surge para responder a la necesidad de Europa de un conocimiento detallado del entorno espacial, proporcionando servicios como la prevenci\u00f3n de colisiones o el an\u00e1lisis de fragmentaci\u00f3n. El componente civil est\u00e1 gestionado por el Centro para el Desarrollo y la Innovaci\u00f3n Tecnol\u00f3gica (CDTI), mientras que el militar es responsabilidad del Ministerio de Defensa. Po otra parte, La Agencia Espacial Europea (ESA) se encarga de los aspectos t\u00e9cnicos de las licitaciones. Por otro lado, el Programa Nacional de Observaci\u00f3n de la Tierra por Sat\u00e9lite (PNOTS) busca establecer un sistema espa\u00f1ol capaz de producir im\u00e1genes \u00f3pticas y de radar de alta resoluci\u00f3n. Financiado por el estado, es gestionado por el CDTI, el INTA y la DGAM del Ministerio de Defensa. El sat\u00e9lite SEOSAT 2, o Ingenio, se dedica a proporcionar im\u00e1genes \u00f3pticas de alta resoluci\u00f3n para diversas aplicaciones, desde cartograf\u00eda hasta gesti\u00f3n del agua, contribuyendo al estudio y an\u00e1lisis de los efectos del cambio clim\u00e1tico.<\/p><\/p>\n                                            <\/div>\n                <\/div>\n            <\/div>\n                <\/div>\n        <style typr=\"text\/css\">\n                    #eael-img-accordion-ec38532 .eael-image-accordion-hover:hover {\n                        flex: 3 1 0% !important;\n                    }\n                    #eael-img-accordion-ec38532 .eael-image-accordion-hover:hover:hover .overlay-inner * {\n                        opacity: 1;\n                        visibility: visible;\n                        transform: none;\n                        transition: all .3s .3s;\n                    }\n                <\/style>\t\t\t\t<\/div>\n\t\t\t\t<\/div>\n\t\t\t\t\t<\/div>\n\t\t\t\t<\/div>\n\t\t\t\t<\/div>\n\t\t","protected":false},"excerpt":{"rendered":"<p>Astronom\u00eda Matem\u00e1ticas-IA F\u00edsica El entorno Espacial Historia y Futuro Filosof\u00eda y Derecho Agencias Espaciales Proyectos Emprendimiento Habitabilidad Agencias Espaciales SEMILLAS .&#8211; ESA ALCE NASA RosCosmos JAXA ISRO CNSA La Agencia Espacial Espa\u00f1ola Las funciones principales de la Agencia Espacial Espa\u00f1ola. 1. ESA La Agencia Espacial Europea (ESA), es una organizaci\u00f3n internacional constituida por 22 estados &hellip; <\/p>\n<p class=\"link-more\"><a href=\"https:\/\/jcuva.ucm.es\/?page_id=3042\" class=\"more-link\">Continue reading<span class=\"screen-reader-text\"> &#8220;Agencias Espaciales&#8221;<\/span><\/a><\/p>\n","protected":false},"author":2,"featured_media":0,"parent":0,"menu_order":7,"comment_status":"closed","ping_status":"closed","template":"elementor_header_footer","meta":{"footnotes":""},"class_list":["post-3042","page","type-page","status-publish","hentry"],"rttpg_featured_image_url":null,"rttpg_author":{"display_name":"Sonia P\u00e9rez","author_link":"https:\/\/jcuva.ucm.es\/?author=2"},"rttpg_comment":0,"rttpg_category":null,"rttpg_excerpt":"Astronom\u00eda Matem\u00e1ticas-IA F\u00edsica El entorno Espacial Historia y Futuro Filosof\u00eda y Derecho Agencias Espaciales Proyectos Emprendimiento Habitabilidad Agencias Espaciales SEMILLAS .&#8211; ESA ALCE NASA RosCosmos JAXA ISRO CNSA La Agencia Espacial Espa\u00f1ola Las funciones principales de la Agencia Espacial Espa\u00f1ola. 1. ESA La Agencia Espacial Europea (ESA), es una organizaci\u00f3n internacional constituida por 22 estados&hellip;","_links":{"self":[{"href":"https:\/\/jcuva.ucm.es\/index.php?rest_route=\/wp\/v2\/pages\/3042","targetHints":{"allow":["GET"]}}],"collection":[{"href":"https:\/\/jcuva.ucm.es\/index.php?rest_route=\/wp\/v2\/pages"}],"about":[{"href":"https:\/\/jcuva.ucm.es\/index.php?rest_route=\/wp\/v2\/types\/page"}],"author":[{"embeddable":true,"href":"https:\/\/jcuva.ucm.es\/index.php?rest_route=\/wp\/v2\/users\/2"}],"replies":[{"embeddable":true,"href":"https:\/\/jcuva.ucm.es\/index.php?rest_route=%2Fwp%2Fv2%2Fcomments&post=3042"}],"version-history":[{"count":79,"href":"https:\/\/jcuva.ucm.es\/index.php?rest_route=\/wp\/v2\/pages\/3042\/revisions"}],"predecessor-version":[{"id":3903,"href":"https:\/\/jcuva.ucm.es\/index.php?rest_route=\/wp\/v2\/pages\/3042\/revisions\/3903"}],"wp:attachment":[{"href":"https:\/\/jcuva.ucm.es\/index.php?rest_route=%2Fwp%2Fv2%2Fmedia&parent=3042"}],"curies":[{"name":"wp","href":"https:\/\/api.w.org\/{rel}","templated":true}]}}