{"id":3038,"date":"2025-02-19T10:20:14","date_gmt":"2025-02-19T10:20:14","guid":{"rendered":"https:\/\/jcuva.ucm.es\/?page_id=3038"},"modified":"2025-02-27T13:05:51","modified_gmt":"2025-02-27T13:05:51","slug":"historia-y-futuro","status":"publish","type":"page","link":"https:\/\/jcuva.ucm.es\/?page_id=3038","title":{"rendered":"Historia y Futuro"},"content":{"rendered":"\t\t<div data-elementor-type=\"wp-page\" data-elementor-id=\"3038\" class=\"elementor elementor-3038\" data-elementor-settings=\"{&quot;ha_cmc_init_switcher&quot;:&quot;no&quot;}\">\n\t\t\t\t<div class=\"elementor-element elementor-element-ca470ed e-flex e-con-boxed e-con e-parent\" data-id=\"ca470ed\" data-element_type=\"container\" data-settings=\"{&quot;_ha_eqh_enable&quot;:false}\">\n\t\t\t\t\t<div class=\"e-con-inner\">\n\t\t\t\t<div class=\"elementor-element elementor-element-79bdcae0 elementor-widget elementor-widget-ha-navigation-menu happy-addon ha-navigation-menu\" data-id=\"79bdcae0\" data-element_type=\"widget\" data-widget_type=\"ha-navigation-menu.default\">\n\t\t\t\t<div class=\"elementor-widget-container\">\n\t\t\t\t\t<nav class=\"ha-nav-menu ha-navigation-menu-wrapper\"><div class=\"menu-seeds-container\">\t\t\t\t<div class=\"ha-nav-humberger-wrapper\">\n\t\t\t\t\t<span class=\"ha-menu-open-icon ha-menu-toggler\" data-humberger=\"open\"><\/span>\n\t\t\t\t\t<span class=\"ha-menu-close-icon ha-menu-toggler hide-icon\" data-humberger=\"close\"><\/span>\n\t\t\t\t<\/div>\n\t\t\t<ul id=\"menu-seeds\" class=\"menu\"><li id=\"menu-item-2818\" class=\"menu-item menu-item-type-post_type menu-item-object-page\"><a href=\"https:\/\/jcuva.ucm.es\/?page_id=2801\"><span class=\"menu-item-title\">Astronom\u00eda<\/span><\/a><\/li>\n<li id=\"menu-item-3058\" class=\"menu-item menu-item-type-post_type menu-item-object-page\"><a href=\"https:\/\/jcuva.ucm.es\/?page_id=3031\"><span class=\"menu-item-title\">Matem\u00e1ticas-IA<\/span><\/a><\/li>\n<li id=\"menu-item-3057\" class=\"menu-item menu-item-type-post_type menu-item-object-page\"><a href=\"https:\/\/jcuva.ucm.es\/?page_id=3034\"><span class=\"menu-item-title\">F\u00edsica<\/span><\/a><\/li>\n<li id=\"menu-item-3056\" class=\"menu-item menu-item-type-post_type menu-item-object-page\"><a href=\"https:\/\/jcuva.ucm.es\/?page_id=3036\"><span class=\"menu-item-title\">El entorno Espacial<\/span><\/a><\/li>\n<li id=\"menu-item-3055\" class=\"menu-item menu-item-type-post_type menu-item-object-page\"><a href=\"https:\/\/jcuva.ucm.es\/?page_id=3038\"><span class=\"menu-item-title\">Historia y Futuro<\/span><\/a><\/li>\n<li id=\"menu-item-3054\" class=\"menu-item menu-item-type-post_type menu-item-object-page\"><a href=\"https:\/\/jcuva.ucm.es\/?page_id=3040\"><span class=\"menu-item-title\">Filosof\u00eda y Derecho<\/span><\/a><\/li>\n<li id=\"menu-item-3053\" class=\"menu-item menu-item-type-post_type menu-item-object-page\"><a href=\"https:\/\/jcuva.ucm.es\/?page_id=3042\"><span class=\"menu-item-title\">Agencias Espaciales<\/span><\/a><\/li>\n<li id=\"menu-item-3052\" class=\"menu-item menu-item-type-post_type menu-item-object-page\"><a href=\"https:\/\/jcuva.ucm.es\/?page_id=3044\"><span class=\"menu-item-title\">Proyectos<\/span><\/a><\/li>\n<li id=\"menu-item-3051\" class=\"menu-item menu-item-type-post_type menu-item-object-page\"><a href=\"https:\/\/jcuva.ucm.es\/?page_id=3046\"><span class=\"menu-item-title\">Emprendimiento<\/span><\/a><\/li>\n<li id=\"menu-item-3050\" class=\"menu-item menu-item-type-post_type menu-item-object-page\"><a href=\"https:\/\/jcuva.ucm.es\/?page_id=3048\"><span class=\"menu-item-title\">Habitabilidad<\/span><\/a><\/li>\n<li id=\"menu-item-3395\" class=\"menu-item menu-item-type-gs_sim menu-item-object-gs_sim\"><div class=\"gtranslate_wrapper\" id=\"gt-wrapper-46293922\"><\/div><\/li>\n<\/ul><\/div><\/nav>\t\t\t\t<\/div>\n\t\t\t\t<\/div>\n\t\t\t\t\t<\/div>\n\t\t\t\t<\/div>\n\t\t<div class=\"elementor-element elementor-element-d99f3b0 e-flex e-con-boxed e-con e-parent\" data-id=\"d99f3b0\" data-element_type=\"container\" data-settings=\"{&quot;_ha_eqh_enable&quot;:false}\">\n\t\t\t\t\t<div class=\"e-con-inner\">\n\t\t\t\t<div class=\"elementor-element elementor-element-b0a8ceb section-title-style-style2 section-title-align-left elementor-widget__width-initial e-transform elementor-widget elementor-widget-tpg-section-title\" data-id=\"b0a8ceb\" data-element_type=\"widget\" data-settings=\"{&quot;_transform_rotateZ_effect&quot;:{&quot;unit&quot;:&quot;px&quot;,&quot;size&quot;:0,&quot;sizes&quot;:[]},&quot;_transform_rotateZ_effect_tablet&quot;:{&quot;unit&quot;:&quot;deg&quot;,&quot;size&quot;:&quot;&quot;,&quot;sizes&quot;:[]},&quot;_transform_rotateZ_effect_mobile&quot;:{&quot;unit&quot;:&quot;deg&quot;,&quot;size&quot;:&quot;&quot;,&quot;sizes&quot;:[]}}\" data-widget_type=\"tpg-section-title.default\">\n\t\t\t\t<div class=\"elementor-widget-container\">\n\t\t\t\t\t\t\t<div class=\"rt-container-fluid rt-tpg-container tpg-el-main-wrapper clearfix  section-title-style-style2 section-title-align-left\">\n\t\t\t<div class='tpg-header-wrapper'>\n        <div class=\"tpg-widget-heading-wrapper rt-clear heading-style2 \">\n            <span class=\"tpg-widget-heading-line line-left\"><\/span>\n\t\t\t<h2 class='tpg-widget-heading'>\n\t\t\t\n\t\t\t\t                    <span>\n\t\t\t\t\t\tHistoria y Futuro\t\t\t\t\t<\/span>\n\t\t\t\t\t\n\t\t\t\t\t\t\t<\/h2>            <span class=\"tpg-widget-heading-line line-right\"><\/span>\n\n\t\t\t\n        <\/div>\n\n\t\t\n\t\t<\/div>\t\t<\/div>\n\t\t\t\t\t\t<\/div>\n\t\t\t\t<\/div>\n\t\t\t\t\t<\/div>\n\t\t\t\t<\/div>\n\t\t<div class=\"elementor-element elementor-element-5bfefffd e-flex e-con-boxed e-con e-parent\" data-id=\"5bfefffd\" data-element_type=\"container\" data-settings=\"{&quot;_ha_eqh_enable&quot;:false}\">\n\t\t\t\t\t<div class=\"e-con-inner\">\n\t\t\t\t<div class=\"elementor-element elementor-element-1dd76a17 elementor-widget elementor-widget-heading\" data-id=\"1dd76a17\" data-element_type=\"widget\" data-widget_type=\"heading.default\">\n\t\t\t\t<div class=\"elementor-widget-container\">\n\t\t\t\t\t<h4 class=\"elementor-heading-title elementor-size-default\">SEMILLAS .--<\/h4>\t\t\t\t<\/div>\n\t\t\t\t<\/div>\n\t\t\t\t\t<\/div>\n\t\t\t\t<\/div>\n\t\t<div class=\"elementor-element elementor-element-47fbb98 e-flex e-con-boxed e-con e-parent\" data-id=\"47fbb98\" data-element_type=\"container\" data-settings=\"{&quot;_ha_eqh_enable&quot;:false}\">\n\t\t\t\t\t<div class=\"e-con-inner\">\n\t\t\t\t<div class=\"elementor-element elementor-element-3ce7e44 elementor-widget elementor-widget-text-editor\" data-id=\"3ce7e44\" data-element_type=\"widget\" data-widget_type=\"text-editor.default\">\n\t\t\t\t<div class=\"elementor-widget-container\">\n\t\t\t\t\t\t\t\t\t<ol><li>\u00bfPor qu\u00e9 exploramos?\u00bfQu\u00e9 debemos explorar?<\/li><li>Los comienzos de la Historia Espacial.<\/li><li>La carrera espacial a la Luna &#8211; a\u00f1os 60.<\/li><li>Las nuevas misiones lunares.<\/li><li>La nueva estaci\u00f3n cislunar.<\/li><li>Misiones a Marte.<\/li><li>Robledo de Chavela.<\/li><\/ol>\t\t\t\t\t\t\t\t<\/div>\n\t\t\t\t<\/div>\n\t\t\t\t\t<\/div>\n\t\t\t\t<\/div>\n\t\t<div class=\"elementor-element elementor-element-c46a7bc e-flex e-con-boxed e-con e-parent\" data-id=\"c46a7bc\" data-element_type=\"container\" data-settings=\"{&quot;_ha_eqh_enable&quot;:false}\">\n\t\t\t\t\t<div class=\"e-con-inner\">\n\t\t\t\t<div class=\"elementor-element elementor-element-ec38532 elementor-widget elementor-widget-eael-image-accordion\" data-id=\"ec38532\" data-element_type=\"widget\" data-widget_type=\"eael-image-accordion.default\">\n\t\t\t\t<div class=\"elementor-widget-container\">\n\t\t\t\t\t    <div class=\"eael-img-accordion accordion-direction-vertical eael-img-accordion-horizontal-align-left eael-img-accordion-vertical-align-top\" id=\"eael-img-accordion-ec38532\" data-img-accordion-id=\"ec38532\" data-img-accordion-type=\"on-hover\">\n                    \n            <div class=\"eael-image-accordion-hover eael-image-accordion-item overlay-active\" style=\"background-image: url(https:\/\/jcuva.ucm.es\/wp-content\/uploads\/2025\/02\/historia01.png); flex: 3 1 0%;\"  tabindex=\"0\">\n                <div class=\"overlay\">\n                                        <div class=\"overlay-inner  overlay-inner-show\">\n                        <h2 class=\"img-accordion-title\">1. \u00bfPor qu\u00e9 exploramos?\u00bfQu\u00e9 debemos explorar? <\/h2>                            <p><p>Son numerosas las razones que han llevado al ser humano a explorar el espacio, desde satisfacer la propia curiosidad humana, desarrollar tecnolog\u00eda avanzada, que pueda aplicarse tanto en la Tierra como en futuras colonias espaciales, prepararnos para habitar otros mundos, hasta la expansi\u00f3n de la econom\u00eda. La exploraci\u00f3n espacial nos permite responder a preguntas fundamentales sobre la vida, nuestro sistema solar y el universo. El estudio del Sol, los planetas, lunas, asteroides y cometas, no solo ofrecen una rica informaci\u00f3n cient\u00edfica, sino que podr\u00edan ser una fuente de recursos que beneficien a la humanidad. M\u00e1s all\u00e1 de las razones, la especie humana se ha caracterizado durante toda su evoluci\u00f3n, desde su origen en \u00c1frica hasta la actualidad, por la necesidad de explorar todo lo que le rodea, expandirse y abrir de manera continua nuevas fronteras.<\/p><\/p>\n                                            <\/div>\n                <\/div>\n            <\/div>\n                    \n            <div class=\"eael-image-accordion-hover eael-image-accordion-item\" style=\"background-image: url(https:\/\/jcuva.ucm.es\/wp-content\/uploads\/2025\/02\/historia2.png);\"  tabindex=\"0\">\n                <div class=\"overlay\">\n                                        <div class=\"overlay-inner \">\n                        <h2 class=\"img-accordion-title\">2. Los comienzos de la Historia Espacial<\/h2>                            <p><p>La exploraci\u00f3n espacial comenz\u00f3 con el lanzamiento del Sputnik en 1957, el primer sat\u00e9lite artificial en orbitar alrededor de la Tierra. Las necesidades de supervisar un territorio tan grande como la Uni\u00f3n Sovi\u00e9tica de manera centralizada, llevaron a la humanidad al espacio por primera vez. Ese mismo a\u00f1o, la perra Laika se convirti\u00f3 en el primer ser vivo en viajar al espacio. Cuatro a\u00f1os m\u00e1s tarde, Yuri Gagarin ser\u00eda el primer ser humano. Estos hitos tuvieron un extraordinario impacto en la sociedad a escala global durante la Guerra Fr\u00eda y llevaron a la carrera espacial. En 1958, Estados Unidos cre\u00f3 la agencia espacial NASA en respuesta a los logros sovi\u00e9ticos. La competencia entre estas dos superpotencias impuls\u00f3 un gran desarrollo tecnol\u00f3gico y abri\u00f3 la puerta &#8220;de facto&#8221; a la exploraci\u00f3n espacial.<\/p><\/p>\n                                            <\/div>\n                <\/div>\n            <\/div>\n                    \n            <div class=\"eael-image-accordion-hover eael-image-accordion-item\" style=\"background-image: url(https:\/\/jcuva.ucm.es\/wp-content\/uploads\/2025\/02\/historia03.png);\"  tabindex=\"0\">\n                <div class=\"overlay\">\n                                        <div class=\"overlay-inner \">\n                        <h2 class=\"img-accordion-title\">3. La carrera espacial a la Luna - a\u00f1os  60 <\/h2>                            <p><p>La carrera espacial a la Luna fue una competici\u00f3n intensa entre Estados Unidos y la Uni\u00f3n Sovi\u00e9tica, impulsada por su rivalidad durante la Guerra Fr\u00eda. En su c\u00e9lebre discurso en 1962, el presidente John F. Kennedy declar\u00f3 el objetivo de llevar a un hombre a la Luna antes de que finalizara la d\u00e9cada, lo que culmin\u00f3 con Neil Armstrong y Buzz Aldrin caminando sobre la superficie lunar en la misi\u00f3n Apolo 11 en 1969. Este logro fue un triunfo hist\u00f3rico para Estados Unidos y marc\u00f3 el comienzo de una nueva era en la exploraci\u00f3n espacial. Hoy en d\u00eda seguimos benefici\u00e1ndonos de los grandes avances cient\u00edficos y tecnol\u00f3gicos desarrollados gracias a esas misiones. El programa lunar fue abandonado por la NASA unos a\u00f1os m\u00e1s tarde despu\u00e9s de este triunfo. A partir del a\u00f1o 2000, la Agencia Espacial de China tom\u00f3 como objetivo establecer una base lunar en el a\u00f1o 2030 creando el programa Chang&#8217;e (la diosa lunar en la mitolog\u00eda china). El programa esta siendo un \u00e9xito y cumpliendo las etapas del calendario planificado. Este hecho ha llevado a la NASA a retomar el programa lunar. Para su instrumentalizaci\u00f3n ha propuesto la creaci\u00f3n de la Deep Space Gateway y el programa Artemisa.<\/p><\/p>\n                                            <\/div>\n                <\/div>\n            <\/div>\n                    \n            <div class=\"eael-image-accordion-hover eael-image-accordion-item\" style=\"background-image: url(https:\/\/jcuva.ucm.es\/wp-content\/uploads\/2025\/02\/historia4.png);\"  tabindex=\"0\">\n                <div class=\"overlay\">\n                                        <div class=\"overlay-inner \">\n                        <h2 class=\"img-accordion-title\">4. Las nuevas misiones lunares <\/h2>                            <p><p>Desde la d\u00e9cada de los noventa, hasta nuestro d\u00edas, grandes agencias espaciales han mostrado su inter\u00e9s en la exploraci\u00f3n del sat\u00e9lite natural de la Tierra. En 1990, Jap\u00f3n se convirti\u00f3 en el tercer pa\u00eds en orbitar la Luna con la sonda Hagoromo, aunque algunos fallos en el transmisor de la misi\u00f3n limitaron su uso cient\u00edfico. En septiembre de 2007, Jap\u00f3n lanz\u00f3 SELENE, destinada a estudiar el origen y evoluci\u00f3n lunar. La Agencia Espacial Europea lanz\u00f3 SMART 1 en 2003, para tomar im\u00e1genes tridimensionales de rayos X e infrarrojos de la Luna, operando hasta su impacto controlado en 2006. China, con su programa de exploraci\u00f3n lunar, lanz\u00f3 Chang&#8217;e 1 en 2007 y aterriz\u00f3 Chang&#8217;e 3 en 2013, seguido de Chang&#8217;e 4 en la cara oculta de la Luna en 2019. India lanz\u00f3 Chandrayaan-1 en 2008, seguido de Chandrayaan-2 y Chandrayaan-3, con el \u00faltimo logrando el primer aterrizaje suave en el polo sur lunar. Estados Unidos ha desempe\u00f1ado asimismo un papel significativo con misiones como el Lunar Reconnaissance Orbiter y GRAIL. En 2023, Rusia lanz\u00f3 la misi\u00f3n Luna 25, que lamentablemente termin\u00f3 en un accidente durante el descenso.<\/p><\/p>\n                                            <\/div>\n                <\/div>\n            <\/div>\n                    \n            <div class=\"eael-image-accordion-hover eael-image-accordion-item\" style=\"background-image: url(https:\/\/jcuva.ucm.es\/wp-content\/uploads\/2025\/02\/historia5.png);\"  tabindex=\"0\">\n                <div class=\"overlay\">\n                                        <div class=\"overlay-inner \">\n                        <h2 class=\"img-accordion-title\">5. La nueva estaci\u00f3n cislunar<\/h2>                            <p><p>La nueva estaci\u00f3n cislunar, conocida como &#8220;Deep Space Gateway&#8221;, es un proyecto ambicioso que servir\u00e1 como un nodo de transporte y un laboratorio cient\u00edfico en \u00f3rbita alrededor de la Luna. Esta estaci\u00f3n permitir\u00e1 el acceso y la utilizaci\u00f3n de los recursos lunares y servir\u00e1 como base para misiones m\u00e1s all\u00e1 de la \u00f3rbita lunar. Deep Space Gateway pretende tambi\u00e9n actuar como laboratorio de pruebas para la permancia de seres humanos en el espacio profundo, preparando el camino para futuras misiones espaciales destinadadas a la exploraci\u00f3n del Sistema Solar. Adem\u00e1s de su funci\u00f3n como plataforma de investigaci\u00f3n, la Deep Space Gateway permitir\u00e1 la construcci\u00f3n y el ensamblaje de minisat\u00e9lites. En este proyecto participan m\u00faltiples agencias espaciales y pa\u00edses compartiendo recursos y conocimientos para lograr un objetivo com\u00fan.<\/p><\/p>\n                                            <\/div>\n                <\/div>\n            <\/div>\n                    \n            <div class=\"eael-image-accordion-hover eael-image-accordion-item\" style=\"background-image: url(https:\/\/jcuva.ucm.es\/wp-content\/uploads\/2025\/02\/historia6.png);\"  tabindex=\"0\">\n                <div class=\"overlay\">\n                                        <div class=\"overlay-inner \">\n                        <h2 class=\"img-accordion-title\">6. Misiones a Marte<\/h2>                            <p><p>Las misiones a Marte representan una parte importante de la exploraci\u00f3n espacial. Numerosos rovers, como Opportunity, Curiosity o Perseverance, han recorrido la superficie marciana, mientras que su topograf\u00eda y composici\u00f3n atmosf\u00e9rica han sido estudiadas gracias a diferentes orbitadores enviados por agencias espaciales como NASA, ESA, RosCosmos y la Agencia Espacial China. Estas misiones han proporcionado una vasta cantidad de datos sobre el planeta rojo, evidenciando la presencia de agua en forma de hielo. La exploraci\u00f3n de Marte es vista como un paso esencial hacia la posible colonizaci\u00f3n humana del planeta. Esta colonizaci\u00f3n requiere desarrollar tecnolog\u00edas que permitan sobrevivir en el espacio profundo a tripulaciones humanas durante meses. El primer paso para ello, es el establecimiento de asentamientos en la Luna. La primera base lunar estar\u00e1 situada en el polo sur, en una zona donde abundan las rocas hidratadas.<\/p><\/p>\n                                            <\/div>\n                <\/div>\n            <\/div>\n                    \n            <div class=\"eael-image-accordion-hover eael-image-accordion-item\" style=\"background-image: url(https:\/\/jcuva.ucm.es\/wp-content\/uploads\/2025\/02\/historia7.png);\"  tabindex=\"0\">\n                <div class=\"overlay\">\n                                        <div class=\"overlay-inner \">\n                        <h2 class=\"img-accordion-title\">7. Robledo de Chavela<\/h2>                            <p><p>El Complejo de Comunicaciones con el Espacio Profundo de Madrid (Madrid Deep Space Communications Complex), situado en el municipio madrile\u00f1o de Robledo de Chavela, es una instalaci\u00f3n del INTA, en cooperaci\u00f3n con la NASA. Este complejo alberga seis antenas, que incluyen una de 70 metros (DSS-63), tres de 34 metros (DSS-65,5, DSS-546 y DSS-55), y una de 26 metros (DSS-66, tambi\u00e9n llamada &#8220;Dino&#8221;). La antena m\u00e1s antigua, DSS-61, se destina actualmente a proyectos educativos. La antena &#8220;Dino&#8221; respald\u00f3 la Red de Espacio Profundo durante el Apollo 11 y otras misiones Apollo, con Neil Armstrong reconociendo su papel crucial en el \u00e9xito del aterrizaje lunar. Desde estas instalaciones se monitorearon aterrizajes en Marte, incluidos los de las sondas Viking, y se estableci\u00f3 contacto con el robot Spirit en Marte cuando perdi\u00f3 comunicaci\u00f3n con la Tierra. Adem\u00e1s, ha sido clave en misiones de la ESA, como Mars Express y Venus Express, y seguir\u00e1 siendo fundamental para futuras misiones, como la Mars Reconnaissance Orbiter. Este centro se erige como un hito en la exploraci\u00f3n espacial, facilitando importantes avances cient\u00edficos y tecnol\u00f3gicos.<\/p><\/p>\n                                            <\/div>\n                <\/div>\n            <\/div>\n                <\/div>\n        <style typr=\"text\/css\">\n                    #eael-img-accordion-ec38532 .eael-image-accordion-hover:hover {\n                        flex: 3 1 0% !important;\n                    }\n                    #eael-img-accordion-ec38532 .eael-image-accordion-hover:hover:hover .overlay-inner * {\n                        opacity: 1;\n                        visibility: visible;\n                        transform: none;\n                        transition: all .3s .3s;\n                    }\n                <\/style>\t\t\t\t<\/div>\n\t\t\t\t<\/div>\n\t\t\t\t\t<\/div>\n\t\t\t\t<\/div>\n\t\t\t\t<\/div>\n\t\t","protected":false},"excerpt":{"rendered":"<p>Astronom\u00eda Matem\u00e1ticas-IA F\u00edsica El entorno Espacial Historia y Futuro Filosof\u00eda y Derecho Agencias Espaciales Proyectos Emprendimiento Habitabilidad Historia y Futuro SEMILLAS .&#8211; \u00bfPor qu\u00e9 exploramos?\u00bfQu\u00e9 debemos explorar? Los comienzos de la Historia Espacial. La carrera espacial a la Luna &#8211; a\u00f1os 60. Las nuevas misiones lunares. La nueva estaci\u00f3n cislunar. Misiones a Marte. Robledo de &hellip; <\/p>\n<p class=\"link-more\"><a href=\"https:\/\/jcuva.ucm.es\/?page_id=3038\" class=\"more-link\">Continue reading<span class=\"screen-reader-text\"> &#8220;Historia y Futuro&#8221;<\/span><\/a><\/p>\n","protected":false},"author":2,"featured_media":0,"parent":0,"menu_order":7,"comment_status":"closed","ping_status":"closed","template":"elementor_header_footer","meta":{"footnotes":""},"class_list":["post-3038","page","type-page","status-publish","hentry"],"rttpg_featured_image_url":null,"rttpg_author":{"display_name":"Sonia P\u00e9rez","author_link":"https:\/\/jcuva.ucm.es\/?author=2"},"rttpg_comment":0,"rttpg_category":null,"rttpg_excerpt":"Astronom\u00eda Matem\u00e1ticas-IA F\u00edsica El entorno Espacial Historia y Futuro Filosof\u00eda y Derecho Agencias Espaciales Proyectos Emprendimiento Habitabilidad Historia y Futuro SEMILLAS .&#8211; \u00bfPor qu\u00e9 exploramos?\u00bfQu\u00e9 debemos explorar? Los comienzos de la Historia Espacial. La carrera espacial a la Luna &#8211; a\u00f1os 60. Las nuevas misiones lunares. La nueva estaci\u00f3n cislunar. Misiones a Marte. Robledo de&hellip;","_links":{"self":[{"href":"https:\/\/jcuva.ucm.es\/index.php?rest_route=\/wp\/v2\/pages\/3038","targetHints":{"allow":["GET"]}}],"collection":[{"href":"https:\/\/jcuva.ucm.es\/index.php?rest_route=\/wp\/v2\/pages"}],"about":[{"href":"https:\/\/jcuva.ucm.es\/index.php?rest_route=\/wp\/v2\/types\/page"}],"author":[{"embeddable":true,"href":"https:\/\/jcuva.ucm.es\/index.php?rest_route=\/wp\/v2\/users\/2"}],"replies":[{"embeddable":true,"href":"https:\/\/jcuva.ucm.es\/index.php?rest_route=%2Fwp%2Fv2%2Fcomments&post=3038"}],"version-history":[{"count":43,"href":"https:\/\/jcuva.ucm.es\/index.php?rest_route=\/wp\/v2\/pages\/3038\/revisions"}],"predecessor-version":[{"id":3895,"href":"https:\/\/jcuva.ucm.es\/index.php?rest_route=\/wp\/v2\/pages\/3038\/revisions\/3895"}],"wp:attachment":[{"href":"https:\/\/jcuva.ucm.es\/index.php?rest_route=%2Fwp%2Fv2%2Fmedia&parent=3038"}],"curies":[{"name":"wp","href":"https:\/\/api.w.org\/{rel}","templated":true}]}}