{"id":3036,"date":"2025-02-19T10:19:38","date_gmt":"2025-02-19T10:19:38","guid":{"rendered":"https:\/\/jcuva.ucm.es\/?page_id=3036"},"modified":"2025-02-27T13:05:14","modified_gmt":"2025-02-27T13:05:14","slug":"el-entorno-espacial","status":"publish","type":"page","link":"https:\/\/jcuva.ucm.es\/?page_id=3036","title":{"rendered":"El entorno Espacial"},"content":{"rendered":"\t\t<div data-elementor-type=\"wp-page\" data-elementor-id=\"3036\" class=\"elementor elementor-3036\" data-elementor-settings=\"{&quot;ha_cmc_init_switcher&quot;:&quot;no&quot;}\">\n\t\t\t\t<div class=\"elementor-element elementor-element-611be470 e-flex e-con-boxed e-con e-parent\" data-id=\"611be470\" data-element_type=\"container\" data-settings=\"{&quot;_ha_eqh_enable&quot;:false}\">\n\t\t\t\t\t<div class=\"e-con-inner\">\n\t\t\t\t<div class=\"elementor-element elementor-element-6a9f9253 elementor-widget elementor-widget-ha-navigation-menu happy-addon ha-navigation-menu\" data-id=\"6a9f9253\" data-element_type=\"widget\" data-widget_type=\"ha-navigation-menu.default\">\n\t\t\t\t<div class=\"elementor-widget-container\">\n\t\t\t\t\t<nav class=\"ha-nav-menu ha-navigation-menu-wrapper\"><div class=\"menu-seeds-container\">\t\t\t\t<div class=\"ha-nav-humberger-wrapper\">\n\t\t\t\t\t<span class=\"ha-menu-open-icon ha-menu-toggler\" data-humberger=\"open\"><\/span>\n\t\t\t\t\t<span class=\"ha-menu-close-icon ha-menu-toggler hide-icon\" data-humberger=\"close\"><\/span>\n\t\t\t\t<\/div>\n\t\t\t<ul id=\"menu-seeds\" class=\"menu\"><li id=\"menu-item-2818\" class=\"menu-item menu-item-type-post_type menu-item-object-page\"><a href=\"https:\/\/jcuva.ucm.es\/?page_id=2801\"><span class=\"menu-item-title\">Astronom\u00eda<\/span><\/a><\/li>\n<li id=\"menu-item-3058\" class=\"menu-item menu-item-type-post_type menu-item-object-page\"><a href=\"https:\/\/jcuva.ucm.es\/?page_id=3031\"><span class=\"menu-item-title\">Matem\u00e1ticas-IA<\/span><\/a><\/li>\n<li id=\"menu-item-3057\" class=\"menu-item menu-item-type-post_type menu-item-object-page\"><a href=\"https:\/\/jcuva.ucm.es\/?page_id=3034\"><span class=\"menu-item-title\">F\u00edsica<\/span><\/a><\/li>\n<li id=\"menu-item-3056\" class=\"menu-item menu-item-type-post_type menu-item-object-page\"><a href=\"https:\/\/jcuva.ucm.es\/?page_id=3036\"><span class=\"menu-item-title\">El entorno Espacial<\/span><\/a><\/li>\n<li id=\"menu-item-3055\" class=\"menu-item menu-item-type-post_type menu-item-object-page\"><a href=\"https:\/\/jcuva.ucm.es\/?page_id=3038\"><span class=\"menu-item-title\">Historia y Futuro<\/span><\/a><\/li>\n<li id=\"menu-item-3054\" class=\"menu-item menu-item-type-post_type menu-item-object-page\"><a href=\"https:\/\/jcuva.ucm.es\/?page_id=3040\"><span class=\"menu-item-title\">Filosof\u00eda y Derecho<\/span><\/a><\/li>\n<li id=\"menu-item-3053\" class=\"menu-item menu-item-type-post_type menu-item-object-page\"><a href=\"https:\/\/jcuva.ucm.es\/?page_id=3042\"><span class=\"menu-item-title\">Agencias Espaciales<\/span><\/a><\/li>\n<li id=\"menu-item-3052\" class=\"menu-item menu-item-type-post_type menu-item-object-page\"><a href=\"https:\/\/jcuva.ucm.es\/?page_id=3044\"><span class=\"menu-item-title\">Proyectos<\/span><\/a><\/li>\n<li id=\"menu-item-3051\" class=\"menu-item menu-item-type-post_type menu-item-object-page\"><a href=\"https:\/\/jcuva.ucm.es\/?page_id=3046\"><span class=\"menu-item-title\">Emprendimiento<\/span><\/a><\/li>\n<li id=\"menu-item-3050\" class=\"menu-item menu-item-type-post_type menu-item-object-page\"><a href=\"https:\/\/jcuva.ucm.es\/?page_id=3048\"><span class=\"menu-item-title\">Habitabilidad<\/span><\/a><\/li>\n<li id=\"menu-item-3395\" class=\"menu-item menu-item-type-gs_sim menu-item-object-gs_sim\"><div class=\"gtranslate_wrapper\" id=\"gt-wrapper-69723419\"><\/div><\/li>\n<\/ul><\/div><\/nav>\t\t\t\t<\/div>\n\t\t\t\t<\/div>\n\t\t\t\t\t<\/div>\n\t\t\t\t<\/div>\n\t\t<div class=\"elementor-element elementor-element-d99f3b0 e-flex e-con-boxed e-con e-parent\" data-id=\"d99f3b0\" data-element_type=\"container\" data-settings=\"{&quot;_ha_eqh_enable&quot;:false}\">\n\t\t\t\t\t<div class=\"e-con-inner\">\n\t\t\t\t<div class=\"elementor-element elementor-element-b0a8ceb section-title-style-style2 section-title-align-left elementor-widget__width-initial e-transform elementor-widget elementor-widget-tpg-section-title\" data-id=\"b0a8ceb\" data-element_type=\"widget\" data-settings=\"{&quot;_transform_rotateZ_effect&quot;:{&quot;unit&quot;:&quot;px&quot;,&quot;size&quot;:0,&quot;sizes&quot;:[]},&quot;_transform_rotateZ_effect_tablet&quot;:{&quot;unit&quot;:&quot;deg&quot;,&quot;size&quot;:&quot;&quot;,&quot;sizes&quot;:[]},&quot;_transform_rotateZ_effect_mobile&quot;:{&quot;unit&quot;:&quot;deg&quot;,&quot;size&quot;:&quot;&quot;,&quot;sizes&quot;:[]}}\" data-widget_type=\"tpg-section-title.default\">\n\t\t\t\t<div class=\"elementor-widget-container\">\n\t\t\t\t\t\t\t<div class=\"rt-container-fluid rt-tpg-container tpg-el-main-wrapper clearfix  section-title-style-style2 section-title-align-left\">\n\t\t\t<div class='tpg-header-wrapper'>\n        <div class=\"tpg-widget-heading-wrapper rt-clear heading-style2 \">\n            <span class=\"tpg-widget-heading-line line-left\"><\/span>\n\t\t\t<h2 class='tpg-widget-heading'>\n\t\t\t\n\t\t\t\t                    <span>\n\t\t\t\t\t\tEl entorno espacial\t\t\t\t\t<\/span>\n\t\t\t\t\t\n\t\t\t\t\t\t\t<\/h2>            <span class=\"tpg-widget-heading-line line-right\"><\/span>\n\n\t\t\t\n        <\/div>\n\n\t\t\n\t\t<\/div>\t\t<\/div>\n\t\t\t\t\t\t<\/div>\n\t\t\t\t<\/div>\n\t\t\t\t\t<\/div>\n\t\t\t\t<\/div>\n\t\t<div class=\"elementor-element elementor-element-63523143 e-flex e-con-boxed e-con e-parent\" data-id=\"63523143\" data-element_type=\"container\" data-settings=\"{&quot;_ha_eqh_enable&quot;:false}\">\n\t\t\t\t\t<div class=\"e-con-inner\">\n\t\t\t\t<div class=\"elementor-element elementor-element-6b884267 elementor-widget elementor-widget-heading\" data-id=\"6b884267\" data-element_type=\"widget\" data-widget_type=\"heading.default\">\n\t\t\t\t<div class=\"elementor-widget-container\">\n\t\t\t\t\t<h4 class=\"elementor-heading-title elementor-size-default\">SEMILLAS .--<\/h4>\t\t\t\t<\/div>\n\t\t\t\t<\/div>\n\t\t\t\t\t<\/div>\n\t\t\t\t<\/div>\n\t\t<div class=\"elementor-element elementor-element-47fbb98 e-flex e-con-boxed e-con e-parent\" data-id=\"47fbb98\" data-element_type=\"container\" data-settings=\"{&quot;_ha_eqh_enable&quot;:false}\">\n\t\t\t\t\t<div class=\"e-con-inner\">\n\t\t\t\t<div class=\"elementor-element elementor-element-3ce7e44 elementor-widget elementor-widget-text-editor\" data-id=\"3ce7e44\" data-element_type=\"widget\" data-widget_type=\"text-editor.default\">\n\t\t\t\t<div class=\"elementor-widget-container\">\n\t\t\t\t\t\t\t\t\t<ol><li>El Cintur\u00f3n de Van Allen.<\/li><li>Viento solar\/ corona.<\/li><li>Tormentas solares.<\/li><li>Llamarada solar \/fulguraciones.<\/li><\/ol>\t\t\t\t\t\t\t\t<\/div>\n\t\t\t\t<\/div>\n\t\t\t\t\t<\/div>\n\t\t\t\t<\/div>\n\t\t<div class=\"elementor-element elementor-element-c46a7bc e-flex e-con-boxed e-con e-parent\" data-id=\"c46a7bc\" data-element_type=\"container\" data-settings=\"{&quot;_ha_eqh_enable&quot;:false}\">\n\t\t\t\t\t<div class=\"e-con-inner\">\n\t\t\t\t<div class=\"elementor-element elementor-element-ec38532 elementor-widget elementor-widget-eael-image-accordion\" data-id=\"ec38532\" data-element_type=\"widget\" data-widget_type=\"eael-image-accordion.default\">\n\t\t\t\t<div class=\"elementor-widget-container\">\n\t\t\t\t\t    <div class=\"eael-img-accordion accordion-direction-vertical eael-img-accordion-horizontal-align-left eael-img-accordion-vertical-align-top\" id=\"eael-img-accordion-ec38532\" data-img-accordion-id=\"ec38532\" data-img-accordion-type=\"on-hover\">\n                    \n            <div class=\"eael-image-accordion-hover eael-image-accordion-item overlay-active\" style=\"background-image: url(https:\/\/jcuva.ucm.es\/wp-content\/uploads\/2025\/02\/entorno1.png); flex: 3 1 0%;\"  tabindex=\"0\">\n                <div class=\"overlay\">\n                                        <div class=\"overlay-inner  overlay-inner-show\">\n                        <h2 class=\"img-accordion-title\">1. El Cintur\u00f3n de Van Allen<\/h2>                            <p><p>Los cinturones de radiaci\u00f3n de Van Allen constituyen regiones de part\u00edculas energ\u00e9ticas cargadas, la mayor\u00eda procedentes del viento solar, capturadas y retenidas alrededor de un planeta por la influencia de su campo magn\u00e9tico. La Tierra tiene dos cinturones de Van Allen principales, as\u00ed como un tercer anillo de radiaci\u00f3n transitrio, detectado en 2013 por las sondas Van Allen, que aparece y desaparece de forma peri\u00f3dica entre los dos cinturones principales. El cinturon interior, comprendido entre 0.2 y 2 radios terrestres, est\u00e1 formado por electrones de cientos de keV y por protones con energ\u00edas superiores a 100 MeV. El cintur\u00f3n exterior, con una extensi\u00f3n aproximada desde los 3 radios terrestres hasta 10 radios terrestres, est\u00e1 formado principalmente por electrones de hasta 10 MeV.<br \/>Los cinturones tambi\u00e9n presentan peligros para la exploraci\u00f3n espacial y la operaci\u00f3n de sat\u00e9lites, ya que la radiaci\u00f3n intensa puede da\u00f1ar los instrumentos y equipos electr\u00f3nicos. Es esencial desarrollar tecnolog\u00edas de blindaje adecuadas para proteger estos dispositivos en misiones espaciales que atraviesen u operen dentro de estas zonas cargadas de radiaci\u00f3n.<\/p><\/p>\n                                            <\/div>\n                <\/div>\n            <\/div>\n                    \n            <div class=\"eael-image-accordion-hover eael-image-accordion-item\" style=\"background-image: url(https:\/\/jcuva.ucm.es\/wp-content\/uploads\/2025\/02\/entorno2.png);\"  tabindex=\"0\">\n                <div class=\"overlay\">\n                                        <div class=\"overlay-inner \">\n                        <h2 class=\"img-accordion-title\">2. Viento solar\/ corona<\/h2>                            <p><p>El viento solar es un flujo de plasma constantemente eyectado desde la capa m\u00e1s externa de la atm\u00f3sfera solar, la corona. Este flujo, compuesto principalmente por electrones, protones y part\u00edculas alfa con energ\u00edas entre 0.5 y 10 keV, es acelerado desde la corona solar debido a las altas temperaturas de esta regi\u00f3n, alcanzando velocidades caracter\u00edsticas de unos 400 km\/s en la \u00f3rbita terrestre. El viento solar var\u00eda en densidad, temperatura y velocidad con el tiempo y con la latitud y longitud solar, y cambia su intesidad de acuerdo con la actividad del Sol. Las part\u00edculas cargadas del viento solar interaccionan con el campo magn\u00e9tico terrestre, dando lugar a algunos fen\u00f3menos visibles como las auroras, o perturbando el propio campo magn\u00e9tico terrestre durante las tormentas geomagn\u00e9ticas en periodos de alta actividad solar.<\/p><\/p>\n                                            <\/div>\n                <\/div>\n            <\/div>\n                    \n            <div class=\"eael-image-accordion-hover eael-image-accordion-item\" style=\"background-image: url(https:\/\/jcuva.ucm.es\/wp-content\/uploads\/2025\/02\/entorno3.png);\"  tabindex=\"0\">\n                <div class=\"overlay\">\n                                        <div class=\"overlay-inner \">\n                        <h2 class=\"img-accordion-title\">3. Tormentas solares<\/h2>                            <p><p>Las tormentas geomagn\u00e9ticas son perturbaciones temporales en el entorno espacial terrestre, desencadenadas por cambios bruscos en el flujo del viento solar y su interacci\u00f3n con el campo magn\u00e9tico de la Tierra. Estos eventos pueden tener su origen en fen\u00f3menos relacionados con la actividad solar, como las fulguraciones solares y las eyecciones de masa coronal. Estas perturbaciones pueden generar fluctuaciones significativas en la magnetosfera terrestre, incluyendo la compresi\u00f3n de la regi\u00f3n magnetosf\u00e9rica m\u00e1s cercana al Sol, y la inducci\u00f3n de corrientes el\u00e9ctricas en la ionosfera. Los efectos observables incluyen la formaci\u00f3n de auroras en latitudes altas, as\u00ed como posibles interferencias en sistemas de navegaci\u00f3n por sat\u00e9lite, comunicaciones de radio de alta frecuencia y redes el\u00e9ctricas. La intensidad de una tormenta geomagn\u00e9tica se mide com\u00fanmente mediante el \u00edndice KP (escala num\u00e9rica que var\u00eda de 0 a 9 siendo 0-1 poca o ninguna perturbaci\u00f3n geomagn\u00e9tica y 9 m\u00e1xima actividad geomagn\u00e9tica, con posibles efectos graves en tecnolog\u00edas terrestres y espaciales). Su impacto potencial en infraestructuras cr\u00edticas subraya la importancia de la vigilancia y predicci\u00f3n de estos eventos.<\/p><\/p>\n                                            <\/div>\n                <\/div>\n            <\/div>\n                    \n            <div class=\"eael-image-accordion-hover eael-image-accordion-item\" style=\"background-image: url(https:\/\/jcuva.ucm.es\/wp-content\/uploads\/2025\/02\/entorno4.png);\"  tabindex=\"0\">\n                <div class=\"overlay\">\n                                        <div class=\"overlay-inner \">\n                        <h2 class=\"img-accordion-title\">4. Llamarada solar \/fulguraciones<\/h2>                            <p><p>Las llamaradas solares, tambi\u00e9n conocidas como fulguraciones, son explosiones repentinas de energ\u00eda en la atm\u00f3sfera solar, generalmente cerca de las regiones activas como las manchas solares. Estas erupciones liberan cantidades masivas de radiaci\u00f3n electromagn\u00e9tica en todas las longitudes de onda, desde ondas de radio hasta rayos X y rayos gamma. La energ\u00eda liberada durante una llamarada solar es equivalente a millones de bombas nucleares y puede calentar el plasma solar a temperaturas extremadamente altas. Estas explosiones est\u00e1n asociadas con cambios repentinos en el campo magn\u00e9tico solar y pueden desencadenar eyecciones de masa coronal, expulsando part\u00edculas cargadas al espacio. Las llamaradas solares pueden tener efectos significativos en la Tierra, incluyendo la perturbaci\u00f3n de las comunicaciones por radio, la interferencia con sistemas de navegaci\u00f3n y la generaci\u00f3n de auroras en las regiones polares.<\/p><\/p>\n                                            <\/div>\n                <\/div>\n            <\/div>\n                <\/div>\n        <style typr=\"text\/css\">\n                    #eael-img-accordion-ec38532 .eael-image-accordion-hover:hover {\n                        flex: 3 1 0% !important;\n                    }\n                    #eael-img-accordion-ec38532 .eael-image-accordion-hover:hover:hover .overlay-inner * {\n                        opacity: 1;\n                        visibility: visible;\n                        transform: none;\n                        transition: all .3s .3s;\n                    }\n                <\/style>\t\t\t\t<\/div>\n\t\t\t\t<\/div>\n\t\t\t\t\t<\/div>\n\t\t\t\t<\/div>\n\t\t\t\t<\/div>\n\t\t","protected":false},"excerpt":{"rendered":"<p>Astronom\u00eda Matem\u00e1ticas-IA F\u00edsica El entorno Espacial Historia y Futuro Filosof\u00eda y Derecho Agencias Espaciales Proyectos Emprendimiento Habitabilidad El entorno espacial SEMILLAS .&#8211; El Cintur\u00f3n de Van Allen. Viento solar\/ corona. Tormentas solares. Llamarada solar \/fulguraciones. 1. El Cintur\u00f3n de Van Allen Los cinturones de radiaci\u00f3n de Van Allen constituyen regiones de part\u00edculas energ\u00e9ticas cargadas, la &hellip; <\/p>\n<p class=\"link-more\"><a href=\"https:\/\/jcuva.ucm.es\/?page_id=3036\" class=\"more-link\">Continue reading<span class=\"screen-reader-text\"> &#8220;El entorno Espacial&#8221;<\/span><\/a><\/p>\n","protected":false},"author":2,"featured_media":0,"parent":0,"menu_order":7,"comment_status":"closed","ping_status":"closed","template":"elementor_header_footer","meta":{"footnotes":""},"class_list":["post-3036","page","type-page","status-publish","hentry"],"rttpg_featured_image_url":null,"rttpg_author":{"display_name":"Sonia P\u00e9rez","author_link":"https:\/\/jcuva.ucm.es\/?author=2"},"rttpg_comment":0,"rttpg_category":null,"rttpg_excerpt":"Astronom\u00eda Matem\u00e1ticas-IA F\u00edsica El entorno Espacial Historia y Futuro Filosof\u00eda y Derecho Agencias Espaciales Proyectos Emprendimiento Habitabilidad El entorno espacial SEMILLAS .&#8211; El Cintur\u00f3n de Van Allen. Viento solar\/ corona. Tormentas solares. Llamarada solar \/fulguraciones. 1. El Cintur\u00f3n de Van Allen Los cinturones de radiaci\u00f3n de Van Allen constituyen regiones de part\u00edculas energ\u00e9ticas cargadas, la&hellip;","_links":{"self":[{"href":"https:\/\/jcuva.ucm.es\/index.php?rest_route=\/wp\/v2\/pages\/3036","targetHints":{"allow":["GET"]}}],"collection":[{"href":"https:\/\/jcuva.ucm.es\/index.php?rest_route=\/wp\/v2\/pages"}],"about":[{"href":"https:\/\/jcuva.ucm.es\/index.php?rest_route=\/wp\/v2\/types\/page"}],"author":[{"embeddable":true,"href":"https:\/\/jcuva.ucm.es\/index.php?rest_route=\/wp\/v2\/users\/2"}],"replies":[{"embeddable":true,"href":"https:\/\/jcuva.ucm.es\/index.php?rest_route=%2Fwp%2Fv2%2Fcomments&post=3036"}],"version-history":[{"count":37,"href":"https:\/\/jcuva.ucm.es\/index.php?rest_route=\/wp\/v2\/pages\/3036\/revisions"}],"predecessor-version":[{"id":3891,"href":"https:\/\/jcuva.ucm.es\/index.php?rest_route=\/wp\/v2\/pages\/3036\/revisions\/3891"}],"wp:attachment":[{"href":"https:\/\/jcuva.ucm.es\/index.php?rest_route=%2Fwp%2Fv2%2Fmedia&parent=3036"}],"curies":[{"name":"wp","href":"https:\/\/api.w.org\/{rel}","templated":true}]}}