{"id":3034,"date":"2025-02-19T10:19:01","date_gmt":"2025-02-19T10:19:01","guid":{"rendered":"https:\/\/jcuva.ucm.es\/?page_id=3034"},"modified":"2025-02-27T13:04:17","modified_gmt":"2025-02-27T13:04:17","slug":"fisica","status":"publish","type":"page","link":"https:\/\/jcuva.ucm.es\/?page_id=3034","title":{"rendered":"Fisica"},"content":{"rendered":"\t\t<div data-elementor-type=\"wp-page\" data-elementor-id=\"3034\" class=\"elementor elementor-3034\" data-elementor-settings=\"{&quot;ha_cmc_init_switcher&quot;:&quot;no&quot;}\">\n\t\t\t\t<div class=\"elementor-element elementor-element-7419f91f e-flex e-con-boxed e-con e-parent\" data-id=\"7419f91f\" data-element_type=\"container\" data-settings=\"{&quot;_ha_eqh_enable&quot;:false}\">\n\t\t\t\t\t<div class=\"e-con-inner\">\n\t\t\t\t<div class=\"elementor-element elementor-element-30c4922d elementor-widget elementor-widget-ha-navigation-menu happy-addon ha-navigation-menu\" data-id=\"30c4922d\" data-element_type=\"widget\" data-widget_type=\"ha-navigation-menu.default\">\n\t\t\t\t<div class=\"elementor-widget-container\">\n\t\t\t\t\t<nav class=\"ha-nav-menu ha-navigation-menu-wrapper\"><div class=\"menu-seeds-container\">\t\t\t\t<div class=\"ha-nav-humberger-wrapper\">\n\t\t\t\t\t<span class=\"ha-menu-open-icon ha-menu-toggler\" data-humberger=\"open\"><\/span>\n\t\t\t\t\t<span class=\"ha-menu-close-icon ha-menu-toggler hide-icon\" data-humberger=\"close\"><\/span>\n\t\t\t\t<\/div>\n\t\t\t<ul id=\"menu-seeds\" class=\"menu\"><li id=\"menu-item-2818\" class=\"menu-item menu-item-type-post_type menu-item-object-page\"><a href=\"https:\/\/jcuva.ucm.es\/?page_id=2801\"><span class=\"menu-item-title\">Astronom\u00eda<\/span><\/a><\/li>\n<li id=\"menu-item-3058\" class=\"menu-item menu-item-type-post_type menu-item-object-page\"><a href=\"https:\/\/jcuva.ucm.es\/?page_id=3031\"><span class=\"menu-item-title\">Matem\u00e1ticas-IA<\/span><\/a><\/li>\n<li id=\"menu-item-3057\" class=\"menu-item menu-item-type-post_type menu-item-object-page\"><a href=\"https:\/\/jcuva.ucm.es\/?page_id=3034\"><span class=\"menu-item-title\">F\u00edsica<\/span><\/a><\/li>\n<li id=\"menu-item-3056\" class=\"menu-item menu-item-type-post_type menu-item-object-page\"><a href=\"https:\/\/jcuva.ucm.es\/?page_id=3036\"><span class=\"menu-item-title\">El entorno Espacial<\/span><\/a><\/li>\n<li id=\"menu-item-3055\" class=\"menu-item menu-item-type-post_type menu-item-object-page\"><a href=\"https:\/\/jcuva.ucm.es\/?page_id=3038\"><span class=\"menu-item-title\">Historia y Futuro<\/span><\/a><\/li>\n<li id=\"menu-item-3054\" class=\"menu-item menu-item-type-post_type menu-item-object-page\"><a href=\"https:\/\/jcuva.ucm.es\/?page_id=3040\"><span class=\"menu-item-title\">Filosof\u00eda y Derecho<\/span><\/a><\/li>\n<li id=\"menu-item-3053\" class=\"menu-item menu-item-type-post_type menu-item-object-page\"><a href=\"https:\/\/jcuva.ucm.es\/?page_id=3042\"><span class=\"menu-item-title\">Agencias Espaciales<\/span><\/a><\/li>\n<li id=\"menu-item-3052\" class=\"menu-item menu-item-type-post_type menu-item-object-page\"><a href=\"https:\/\/jcuva.ucm.es\/?page_id=3044\"><span class=\"menu-item-title\">Proyectos<\/span><\/a><\/li>\n<li id=\"menu-item-3051\" class=\"menu-item menu-item-type-post_type menu-item-object-page\"><a href=\"https:\/\/jcuva.ucm.es\/?page_id=3046\"><span class=\"menu-item-title\">Emprendimiento<\/span><\/a><\/li>\n<li id=\"menu-item-3050\" class=\"menu-item menu-item-type-post_type menu-item-object-page\"><a href=\"https:\/\/jcuva.ucm.es\/?page_id=3048\"><span class=\"menu-item-title\">Habitabilidad<\/span><\/a><\/li>\n<li id=\"menu-item-3395\" class=\"menu-item menu-item-type-gs_sim menu-item-object-gs_sim\"><div class=\"gtranslate_wrapper\" id=\"gt-wrapper-42250262\"><\/div><\/li>\n<\/ul><\/div><\/nav>\t\t\t\t<\/div>\n\t\t\t\t<\/div>\n\t\t\t\t\t<\/div>\n\t\t\t\t<\/div>\n\t\t<div class=\"elementor-element elementor-element-d99f3b0 e-flex e-con-boxed e-con e-parent\" data-id=\"d99f3b0\" data-element_type=\"container\" data-settings=\"{&quot;_ha_eqh_enable&quot;:false}\">\n\t\t\t\t\t<div class=\"e-con-inner\">\n\t\t\t\t<div class=\"elementor-element elementor-element-b0a8ceb section-title-style-style2 section-title-align-left elementor-widget__width-initial e-transform elementor-widget elementor-widget-tpg-section-title\" data-id=\"b0a8ceb\" data-element_type=\"widget\" data-settings=\"{&quot;_transform_rotateZ_effect&quot;:{&quot;unit&quot;:&quot;px&quot;,&quot;size&quot;:0,&quot;sizes&quot;:[]},&quot;_transform_rotateZ_effect_tablet&quot;:{&quot;unit&quot;:&quot;deg&quot;,&quot;size&quot;:&quot;&quot;,&quot;sizes&quot;:[]},&quot;_transform_rotateZ_effect_mobile&quot;:{&quot;unit&quot;:&quot;deg&quot;,&quot;size&quot;:&quot;&quot;,&quot;sizes&quot;:[]}}\" data-widget_type=\"tpg-section-title.default\">\n\t\t\t\t<div class=\"elementor-widget-container\">\n\t\t\t\t\t\t\t<div class=\"rt-container-fluid rt-tpg-container tpg-el-main-wrapper clearfix  section-title-style-style2 section-title-align-left\">\n\t\t\t<div class='tpg-header-wrapper'>\n        <div class=\"tpg-widget-heading-wrapper rt-clear heading-style2 \">\n            <span class=\"tpg-widget-heading-line line-left\"><\/span>\n\t\t\t<h2 class='tpg-widget-heading'>\n\t\t\t\n\t\t\t\t                    <span>\n\t\t\t\t\t\tF\u00edsica\t\t\t\t\t<\/span>\n\t\t\t\t\t\n\t\t\t\t\t\t\t<\/h2>            <span class=\"tpg-widget-heading-line line-right\"><\/span>\n\n\t\t\t\n        <\/div>\n\n\t\t\n\t\t<\/div>\t\t<\/div>\n\t\t\t\t\t\t<\/div>\n\t\t\t\t<\/div>\n\t\t\t\t\t<\/div>\n\t\t\t\t<\/div>\n\t\t<div class=\"elementor-element elementor-element-2cc9ca75 e-flex e-con-boxed e-con e-parent\" data-id=\"2cc9ca75\" data-element_type=\"container\" data-settings=\"{&quot;_ha_eqh_enable&quot;:false}\">\n\t\t\t\t\t<div class=\"e-con-inner\">\n\t\t\t\t<div class=\"elementor-element elementor-element-54acf137 elementor-widget elementor-widget-heading\" data-id=\"54acf137\" data-element_type=\"widget\" data-widget_type=\"heading.default\">\n\t\t\t\t<div class=\"elementor-widget-container\">\n\t\t\t\t\t<h4 class=\"elementor-heading-title elementor-size-default\">SEMILLAS .--<\/h4>\t\t\t\t<\/div>\n\t\t\t\t<\/div>\n\t\t\t\t\t<\/div>\n\t\t\t\t<\/div>\n\t\t<div class=\"elementor-element elementor-element-47fbb98 e-flex e-con-boxed e-con e-parent\" data-id=\"47fbb98\" data-element_type=\"container\" data-settings=\"{&quot;_ha_eqh_enable&quot;:false}\">\n\t\t\t\t\t<div class=\"e-con-inner\">\n\t\t\t\t<div class=\"elementor-element elementor-element-3ce7e44 elementor-widget__width-initial elementor-widget elementor-widget-text-editor\" data-id=\"3ce7e44\" data-element_type=\"widget\" data-widget_type=\"text-editor.default\">\n\t\t\t\t<div class=\"elementor-widget-container\">\n\t\t\t\t\t\t\t\t\t<ol><li>C\u00f3mo entrar en \u00f3rbita.<\/li><li>Teor\u00eda especial de la relatividad, Teor\u00eda General de la Relatividad.<\/li><li>La ecuaciones de Maxwell.<\/li><li>El espectro electromagn\u00e9tico.<\/li><li>\u00bfQu\u00e9 es una \u00f3rbita? Tipos de \u00f3rbitas.<\/li><li>\u00bfQu\u00e9 son las ondas gravitacionales?.<\/li><li>Las \u00f3rbitas de los sat\u00e9lites alrededor de la Tierra.<\/li><\/ol>\t\t\t\t\t\t\t\t<\/div>\n\t\t\t\t<\/div>\n\t\t\t\t\t<\/div>\n\t\t\t\t<\/div>\n\t\t<div class=\"elementor-element elementor-element-c46a7bc e-flex e-con-boxed e-con e-parent\" data-id=\"c46a7bc\" data-element_type=\"container\" data-settings=\"{&quot;_ha_eqh_enable&quot;:false}\">\n\t\t\t\t\t<div class=\"e-con-inner\">\n\t\t\t\t<div class=\"elementor-element elementor-element-ec38532 elementor-widget elementor-widget-eael-image-accordion\" data-id=\"ec38532\" data-element_type=\"widget\" data-widget_type=\"eael-image-accordion.default\">\n\t\t\t\t<div class=\"elementor-widget-container\">\n\t\t\t\t\t    <div class=\"eael-img-accordion accordion-direction-vertical eael-img-accordion-horizontal-align-left eael-img-accordion-vertical-align-top\" id=\"eael-img-accordion-ec38532\" data-img-accordion-id=\"ec38532\" data-img-accordion-type=\"on-hover\">\n                    \n            <div class=\"eael-image-accordion-hover eael-image-accordion-item overlay-active\" style=\"background-image: url(https:\/\/jcuva.ucm.es\/wp-content\/uploads\/2025\/02\/fisicas1.png); flex: 3 1 0%;\"  tabindex=\"0\">\n                <div class=\"overlay\">\n                                        <div class=\"overlay-inner  overlay-inner-show\">\n                        <h2 class=\"img-accordion-title\">1. C\u00f3mo entrar en \u00f3rbita<\/h2>                            <p><p>Un objeto entra en \u00f3rbita terrestre cuando alcanza una velocidad espec\u00edfica que le permite mantenerse en una trayectoria estable alrededor de la Tierra. Para esto deben cumplirse dos condiciones: [1] la componente radial de la velocidad debe ser inferior a la velocidad de escape del campo gravitacional terrestre (11 km\/s) y [2] la componente angular de la velocidad debe garantizar el equilibrio entre las fuerzas gravitatoria y centr\u00edfuga. Gracias a las leyes de la f\u00edsica y la mec\u00e1nica orbital, se pueden calcular los par\u00e1metros \u00f3ptimos para que un cuerpo que va a ser lanzado al espacio entre en \u00f3rbita y no caiga de vuelta a la Tierra o se adentre en el espacio exterior. Adem\u00e1s, es necesario considerar factores como la resistencia del aire en las fases iniciales del lanzamiento o ajustes m\u00e1s precisos para la inserci\u00f3n orbital.<\/p><\/p>\n                                            <\/div>\n                <\/div>\n            <\/div>\n                    \n            <div class=\"eael-image-accordion-hover eael-image-accordion-item\" style=\"background-image: url(https:\/\/jcuva.ucm.es\/wp-content\/uploads\/2025\/02\/fisicas2.png);\"  tabindex=\"0\">\n                <div class=\"overlay\">\n                                        <div class=\"overlay-inner \">\n                        <h2 class=\"img-accordion-title\">2. Teor\u00eda especial de la relatividad<\/h2>                            <p><p>La relatividad especial, propuesta por Einstein en 1905, se centra en c\u00f3mo se miden las distancias y el tiempo entre eventos que ocurren en diferentes marcos de referencia que se mueven a velocidades constantes relativas entre s\u00ed. Una de las conclusiones m\u00e1s sorprendentes de esta teor\u00eda es que el tiempo y el espacio son relativos y no absolutos. Esto significa que el tiempo puede dilatarse (pasar m\u00e1s lentamente) y las distancias pueden contraerse cuando un objeto se mueve a velocidades cercanas a la de la luz en relaci\u00f3n con un observador. Esta teor\u00eda tambi\u00e9n introdujo la famosa ecuaci\u00f3n E=mc\u00b2, que muestra la equivalencia entre masa y energ\u00eda. La relatividad especial es fundamental para la f\u00edsica moderna, impactando desde la mec\u00e1nica cu\u00e1ntica hasta la cosmolog\u00eda, y es esencial para el dise\u00f1o de tecnolog\u00edas como los aceleradores de part\u00edculas y el GPS.<\/p><\/p>\n                                            <\/div>\n                <\/div>\n            <\/div>\n                    \n            <div class=\"eael-image-accordion-hover eael-image-accordion-item\" style=\"background-image: url(https:\/\/jcuva.ucm.es\/wp-content\/uploads\/2025\/02\/fisicas3.png);\"  tabindex=\"0\">\n                <div class=\"overlay\">\n                                        <div class=\"overlay-inner \">\n                        <h2 class=\"img-accordion-title\">3. Teor\u00eda General de la Relatividad  <\/h2>                            <p><p>La teor\u00eda de la relatividad general, propuesta por Albert Einstein en 1915, transform\u00f3 radicalmente nuestra comprensi\u00f3n del universo. Esta teor\u00eda plantea la gravedad como la curvatura del espacio-tiempo por la masa y la energ\u00eda. Seg\u00fan esta teor\u00eda, los objetos masivos deforman el espacio-tiempo a su alrededor, y esta deformaci\u00f3n condiciona el movimiento de otros objetos. Por ejemplo, un agujero negro causar\u00eda una curvatura del espacio-tiempo, que provocar\u00eda una atracci\u00f3n tan fuerte, que ni la luz podr\u00eda escapar. La relatividad general ha sido validada por numerosos experimentos y observaciones, incluyendo la desviaci\u00f3n de la luz de las estrellas y la detecci\u00f3n de ondas gravitacionales.<\/p><\/p>\n                                            <\/div>\n                <\/div>\n            <\/div>\n                    \n            <div class=\"eael-image-accordion-hover eael-image-accordion-item\" style=\"background-image: url(https:\/\/jcuva.ucm.es\/wp-content\/uploads\/2025\/02\/fisicas4.png);\"  tabindex=\"0\">\n                <div class=\"overlay\">\n                                        <div class=\"overlay-inner \">\n                        <h2 class=\"img-accordion-title\">4. La ecuaciones de Maxwell<\/h2>                            <p><p style=\"text-align: justify;font-size: 12px\">Las ecuaciones de Maxwell son un conjunto de cuatro ecuaciones fundamentales que describen c\u00f3mo se generan y se comportan los campos el\u00e9ctricos y magn\u00e9ticos. Estas ecuaciones, formuladas por James Clerk Maxwell en el siglo XIX, unifican la electricidad y el magnetismo en una sola teor\u00eda de electrodin\u00e1mica. Las ecuaciones son:<br \/>La ley de Gauss para el campo el\u00e9ctrico, que describe c\u00f3mo las cargas el\u00e9ctricas generan un campo el\u00e9ctrico, la ley de Gauss para el magnetismo, que establece que no existen monopolos magn\u00e9ticos, la ley de Faraday, inducci\u00f3n magn\u00e9tica, que describe c\u00f3mo un campo magn\u00e9tico variable en el tiempo genera un campo el\u00e9ctrico y la ley de Amp\u00e8re-Maxwell, que muestra c\u00f3mo las corrientes el\u00e9ctricas y los campos el\u00e9ctricos cambiantes en el tiempo generan un campo magn\u00e9tico.<br \/>Estas ecuaciones son la base de muchas tecnolog\u00edas modernas, incluyendo la transmisi\u00f3n de ondas de radio y la generaci\u00f3n de energ\u00eda el\u00e9ctrica.<\/p><\/p>\n                                            <\/div>\n                <\/div>\n            <\/div>\n                    \n            <div class=\"eael-image-accordion-hover eael-image-accordion-item\" style=\"background-image: url(https:\/\/jcuva.ucm.es\/wp-content\/uploads\/2025\/02\/fisicas07.png);\"  tabindex=\"0\">\n                <div class=\"overlay\">\n                                        <div class=\"overlay-inner \">\n                        <h2 class=\"img-accordion-title\">5. El espectro electromagn\u00e9tico <\/h2>                            <p><p>El espectro electromagn\u00e9tico abarca todas las formas de radiaci\u00f3n electromagn\u00e9tica, organizadas por frecuencia o longitud de onda caracter\u00edstica. Estas frecuencias son agrupadas en bandas espec\u00edficas, haciendo referencia a diferentes tipo de radiaci\u00f3n. De baja a alta frecuencia, algunas de estas bandas son: ondas de radio, microondas, infrarrojo, luz visible, ultravioleta, rayos X y rayos gamma. Las ondas de radio, de baja frecuencia, tienen longitudes de onda largas, \u00fatiles para comunicaciones ya que pueden atravesar materiales como la atm\u00f3sfera y edificios. En el otro extremo, los rayos gamma poseen altas frecuencias y son capaces de ionizar \u00e1tomos, encontrando aplicaci\u00f3n en medicina y ciencia de materiales. Gracias a la espectroscopia, podemos estudiar la interacci\u00f3n de las ondas y la materia a diferentes longitudes de onda, lo que le ha convertido en una herramienta esencial en m\u00faltiples disciplinas cient\u00edficas.<\/p><\/p>\n                                            <\/div>\n                <\/div>\n            <\/div>\n                    \n            <div class=\"eael-image-accordion-hover eael-image-accordion-item\" style=\"background-image: url(https:\/\/jcuva.ucm.es\/wp-content\/uploads\/2025\/02\/matematicas5.png);\"  tabindex=\"0\">\n                <div class=\"overlay\">\n                                        <div class=\"overlay-inner \">\n                        <h2 class=\"img-accordion-title\">6. \u00bfQu\u00e9 es una \u00f3rbita? Tipos de \u00f3rbitas<\/h2>                            <p><p>Una \u00f3rbita es la trayectoria curva que sigue un objeto alrededor de otro debido a la influencia gravitatoria. Existen varios tipos de \u00f3rbitas, clasificadas principalmente por su forma y la relaci\u00f3n con el cuerpo que orbitan. Las \u00f3rbitas el\u00edpticas son las m\u00e1s comunes en los sistemas planetarios, donde los planetas trazan elipses alrededor de la estrella anfitriona, como en el Sistema Solar. Las \u00f3rbitas circulares, aunque poco probables en la naturaleza, consituyen un caso especial de las el\u00edpticas. Por otro lado, las \u00f3rbitas parab\u00f3licas e hiperb\u00f3licas no son cerradas y generalmente describen trayectorias de objetos que pasan una sola vez cerca de otro cuerpo celeste, curvando su trayectoria y alej\u00e1ndose para siempre de \u00e9ste, como experimentan algunos cometas. En la exploraci\u00f3n espacial, las \u00f3rbitas de los sat\u00e9lites artificiales tambi\u00e9n se clasifican por su orientaci\u00f3n y prop\u00f3sito, por ejemplo, las \u00f3rbitas geoestacionarias, permanecen fijas respecto a un punto en la Tierra, mientras que las \u00f3rbitas polares, pasan sobre los polos terrestres y son \u00fatiles para la observaci\u00f3n y el mapeo global.<\/p><\/p>\n                                            <\/div>\n                <\/div>\n            <\/div>\n                    \n            <div class=\"eael-image-accordion-hover eael-image-accordion-item\" style=\"background-image: url(https:\/\/jcuva.ucm.es\/wp-content\/uploads\/2025\/02\/fisicas5.png);\"  tabindex=\"0\">\n                <div class=\"overlay\">\n                                        <div class=\"overlay-inner \">\n                        <h2 class=\"img-accordion-title\">7. \u00bfQu\u00e9 son las ondas gravitacionales?<\/h2>                            <p><p>Las ondas gravitacionales son &#8220;ondulaciones&#8221; en el espacio-tiempo provocadas por eventos c\u00f3smicos extremadamente energ\u00e9ticos. Albert Einstein las predijo en 1916 con la relatividad general, explicando que objetos masivos y acelerados, como agujeros negros o estrellas de neutrones en \u00f3rbita mutua, pueden perturbar el espacio-tiempo, generando ondas que se propagan a la velocidad de la luz. Estas ondas son especialmente intensas cuando se producen colisiones de agujeros negros o supernovas. Detectar estas ondas permite estudiar fen\u00f3menos del universo inaccesibles de otra manera, abriendo una nueva ventana al cosmos.<\/p><\/p>\n                                            <\/div>\n                <\/div>\n            <\/div>\n                    \n            <div class=\"eael-image-accordion-hover eael-image-accordion-item\" style=\"background-image: url(https:\/\/jcuva.ucm.es\/wp-content\/uploads\/2025\/02\/fisicas6.png);\"  tabindex=\"0\">\n                <div class=\"overlay\">\n                                        <div class=\"overlay-inner \">\n                        <h2 class=\"img-accordion-title\">8. Las \u00f3rbitas de los sat\u00e9lites alrededor de la Tierra<\/h2>                            <p><p style=\"text-align: justify;font-size: 12px\">Las \u00f3rbitas m\u00e1s utilizadas por los sat\u00e9lites artificiales se definen por su trayectoria y su distancia al centro de la Tierra. Por su distancia se clasifican en:<br \/>[1] \u00d3rbita Baja Terrestre (LEO): Se encuentra a una altitud de entre 160 y 2,000 kil\u00f3metros. Es ideal para sat\u00e9lites de observaci\u00f3n de la Tierra, telescopios espaciales y la Estaci\u00f3n Espacial Internacional debido a su proximidad y facilidad de acceso.<br \/>[2] \u00d3rbita Media Terrestre (MEO): Rango de altitud de 2,000 a 35,786 kil\u00f3metros. Utilizada principalmente para sistemas de navegaci\u00f3n como el GPS.<br \/>[3] \u00d3rbita Geos\u00edncrona (GEO): A 35,786 kil\u00f3metros sobre el ecuador. Los sat\u00e9lites en esta \u00f3rbita tienen un periodo orbital igual al de la rotaci\u00f3n terrestre y permiten la monitorizaci\u00f3n cont\u00ednua de una zona zona de la Tierra. [ 4] La \u00d3rbita Geoestacionaria permite mantenerse sobre la misma posici\u00f3n en la superficie terrestre y es ideal para comunicaciones y meteorolog\u00eda.<\/p><p>Por su inclinaci\u00f3n, las \u00f3rbitas pueden ser polares (si pasan por los polos de la Tierra), ecuatoriales (si est\u00e1n contenidas en el Ecuador) o tener cualquier inclinaci\u00f3n intermedia entre estos valores. Las \u00f3rbitas polares permiten rastrear toda la superficie terrestre y por este motivo son muy utilizadas.<\/p><\/p>\n                                            <\/div>\n                <\/div>\n            <\/div>\n                <\/div>\n        <style typr=\"text\/css\">\n                    #eael-img-accordion-ec38532 .eael-image-accordion-hover:hover {\n                        flex: 3 1 0% !important;\n                    }\n                    #eael-img-accordion-ec38532 .eael-image-accordion-hover:hover:hover .overlay-inner * {\n                        opacity: 1;\n                        visibility: visible;\n                        transform: none;\n                        transition: all .3s .3s;\n                    }\n                <\/style>\t\t\t\t<\/div>\n\t\t\t\t<\/div>\n\t\t\t\t\t<\/div>\n\t\t\t\t<\/div>\n\t\t\t\t<\/div>\n\t\t","protected":false},"excerpt":{"rendered":"<p>Astronom\u00eda Matem\u00e1ticas-IA F\u00edsica El entorno Espacial Historia y Futuro Filosof\u00eda y Derecho Agencias Espaciales Proyectos Emprendimiento Habitabilidad F\u00edsica SEMILLAS .&#8211; C\u00f3mo entrar en \u00f3rbita. Teor\u00eda especial de la relatividad, Teor\u00eda General de la Relatividad. La ecuaciones de Maxwell. El espectro electromagn\u00e9tico. \u00bfQu\u00e9 es una \u00f3rbita? Tipos de \u00f3rbitas. \u00bfQu\u00e9 son las ondas gravitacionales?. Las \u00f3rbitas &hellip; <\/p>\n<p class=\"link-more\"><a href=\"https:\/\/jcuva.ucm.es\/?page_id=3034\" class=\"more-link\">Continue reading<span class=\"screen-reader-text\"> &#8220;Fisica&#8221;<\/span><\/a><\/p>\n","protected":false},"author":2,"featured_media":0,"parent":0,"menu_order":7,"comment_status":"closed","ping_status":"closed","template":"elementor_header_footer","meta":{"footnotes":""},"class_list":["post-3034","page","type-page","status-publish","hentry"],"rttpg_featured_image_url":null,"rttpg_author":{"display_name":"Sonia P\u00e9rez","author_link":"https:\/\/jcuva.ucm.es\/?author=2"},"rttpg_comment":0,"rttpg_category":null,"rttpg_excerpt":"Astronom\u00eda Matem\u00e1ticas-IA F\u00edsica El entorno Espacial Historia y Futuro Filosof\u00eda y Derecho Agencias Espaciales Proyectos Emprendimiento Habitabilidad F\u00edsica SEMILLAS .&#8211; C\u00f3mo entrar en \u00f3rbita. Teor\u00eda especial de la relatividad, Teor\u00eda General de la Relatividad. La ecuaciones de Maxwell. El espectro electromagn\u00e9tico. \u00bfQu\u00e9 es una \u00f3rbita? Tipos de \u00f3rbitas. \u00bfQu\u00e9 son las ondas gravitacionales?. Las \u00f3rbitas&hellip;","_links":{"self":[{"href":"https:\/\/jcuva.ucm.es\/index.php?rest_route=\/wp\/v2\/pages\/3034","targetHints":{"allow":["GET"]}}],"collection":[{"href":"https:\/\/jcuva.ucm.es\/index.php?rest_route=\/wp\/v2\/pages"}],"about":[{"href":"https:\/\/jcuva.ucm.es\/index.php?rest_route=\/wp\/v2\/types\/page"}],"author":[{"embeddable":true,"href":"https:\/\/jcuva.ucm.es\/index.php?rest_route=\/wp\/v2\/users\/2"}],"replies":[{"embeddable":true,"href":"https:\/\/jcuva.ucm.es\/index.php?rest_route=%2Fwp%2Fv2%2Fcomments&post=3034"}],"version-history":[{"count":67,"href":"https:\/\/jcuva.ucm.es\/index.php?rest_route=\/wp\/v2\/pages\/3034\/revisions"}],"predecessor-version":[{"id":3887,"href":"https:\/\/jcuva.ucm.es\/index.php?rest_route=\/wp\/v2\/pages\/3034\/revisions\/3887"}],"wp:attachment":[{"href":"https:\/\/jcuva.ucm.es\/index.php?rest_route=%2Fwp%2Fv2%2Fmedia&parent=3034"}],"curies":[{"name":"wp","href":"https:\/\/api.w.org\/{rel}","templated":true}]}}