{"id":3031,"date":"2025-02-19T10:17:45","date_gmt":"2025-02-19T10:17:45","guid":{"rendered":"https:\/\/jcuva.ucm.es\/?page_id=3031"},"modified":"2025-02-27T13:03:22","modified_gmt":"2025-02-27T13:03:22","slug":"matematicas-ia","status":"publish","type":"page","link":"https:\/\/jcuva.ucm.es\/?page_id=3031","title":{"rendered":"Matematicas-IA"},"content":{"rendered":"\t\t<div data-elementor-type=\"wp-page\" data-elementor-id=\"3031\" class=\"elementor elementor-3031\" data-elementor-settings=\"{&quot;ha_cmc_init_switcher&quot;:&quot;no&quot;}\">\n\t\t\t\t<div class=\"elementor-element elementor-element-1625cd62 e-flex e-con-boxed e-con e-parent\" data-id=\"1625cd62\" data-element_type=\"container\" data-settings=\"{&quot;_ha_eqh_enable&quot;:false}\">\n\t\t\t\t\t<div class=\"e-con-inner\">\n\t\t\t\t<div class=\"elementor-element elementor-element-54c59155 elementor-widget elementor-widget-ha-navigation-menu happy-addon ha-navigation-menu\" data-id=\"54c59155\" data-element_type=\"widget\" data-widget_type=\"ha-navigation-menu.default\">\n\t\t\t\t<div class=\"elementor-widget-container\">\n\t\t\t\t\t<nav class=\"ha-nav-menu ha-navigation-menu-wrapper\"><div class=\"menu-seeds-container\">\t\t\t\t<div class=\"ha-nav-humberger-wrapper\">\n\t\t\t\t\t<span class=\"ha-menu-open-icon ha-menu-toggler\" data-humberger=\"open\"><\/span>\n\t\t\t\t\t<span class=\"ha-menu-close-icon ha-menu-toggler hide-icon\" data-humberger=\"close\"><\/span>\n\t\t\t\t<\/div>\n\t\t\t<ul id=\"menu-seeds\" class=\"menu\"><li id=\"menu-item-2818\" class=\"menu-item menu-item-type-post_type menu-item-object-page\"><a href=\"https:\/\/jcuva.ucm.es\/?page_id=2801\"><span class=\"menu-item-title\">Astronom\u00eda<\/span><\/a><\/li>\n<li id=\"menu-item-3058\" class=\"menu-item menu-item-type-post_type menu-item-object-page\"><a href=\"https:\/\/jcuva.ucm.es\/?page_id=3031\"><span class=\"menu-item-title\">Matem\u00e1ticas-IA<\/span><\/a><\/li>\n<li id=\"menu-item-3057\" class=\"menu-item menu-item-type-post_type menu-item-object-page\"><a href=\"https:\/\/jcuva.ucm.es\/?page_id=3034\"><span class=\"menu-item-title\">F\u00edsica<\/span><\/a><\/li>\n<li id=\"menu-item-3056\" class=\"menu-item menu-item-type-post_type menu-item-object-page\"><a href=\"https:\/\/jcuva.ucm.es\/?page_id=3036\"><span class=\"menu-item-title\">El entorno Espacial<\/span><\/a><\/li>\n<li id=\"menu-item-3055\" class=\"menu-item menu-item-type-post_type menu-item-object-page\"><a href=\"https:\/\/jcuva.ucm.es\/?page_id=3038\"><span class=\"menu-item-title\">Historia y Futuro<\/span><\/a><\/li>\n<li id=\"menu-item-3054\" class=\"menu-item menu-item-type-post_type menu-item-object-page\"><a href=\"https:\/\/jcuva.ucm.es\/?page_id=3040\"><span class=\"menu-item-title\">Filosof\u00eda y Derecho<\/span><\/a><\/li>\n<li id=\"menu-item-3053\" class=\"menu-item menu-item-type-post_type menu-item-object-page\"><a href=\"https:\/\/jcuva.ucm.es\/?page_id=3042\"><span class=\"menu-item-title\">Agencias Espaciales<\/span><\/a><\/li>\n<li id=\"menu-item-3052\" class=\"menu-item menu-item-type-post_type menu-item-object-page\"><a href=\"https:\/\/jcuva.ucm.es\/?page_id=3044\"><span class=\"menu-item-title\">Proyectos<\/span><\/a><\/li>\n<li id=\"menu-item-3051\" class=\"menu-item menu-item-type-post_type menu-item-object-page\"><a href=\"https:\/\/jcuva.ucm.es\/?page_id=3046\"><span class=\"menu-item-title\">Emprendimiento<\/span><\/a><\/li>\n<li id=\"menu-item-3050\" class=\"menu-item menu-item-type-post_type menu-item-object-page\"><a href=\"https:\/\/jcuva.ucm.es\/?page_id=3048\"><span class=\"menu-item-title\">Habitabilidad<\/span><\/a><\/li>\n<li id=\"menu-item-3395\" class=\"menu-item menu-item-type-gs_sim menu-item-object-gs_sim\"><div class=\"gtranslate_wrapper\" id=\"gt-wrapper-32880006\"><\/div><\/li>\n<\/ul><\/div><\/nav>\t\t\t\t<\/div>\n\t\t\t\t<\/div>\n\t\t\t\t\t<\/div>\n\t\t\t\t<\/div>\n\t\t<div class=\"elementor-element elementor-element-d99f3b0 e-flex e-con-boxed e-con e-parent\" data-id=\"d99f3b0\" data-element_type=\"container\" data-settings=\"{&quot;_ha_eqh_enable&quot;:false}\">\n\t\t\t\t\t<div class=\"e-con-inner\">\n\t\t\t\t<div class=\"elementor-element elementor-element-b0a8ceb section-title-style-style2 section-title-align-left elementor-widget__width-initial e-transform elementor-widget elementor-widget-tpg-section-title\" data-id=\"b0a8ceb\" data-element_type=\"widget\" data-settings=\"{&quot;_transform_rotateZ_effect&quot;:{&quot;unit&quot;:&quot;px&quot;,&quot;size&quot;:0,&quot;sizes&quot;:[]},&quot;_transform_rotateZ_effect_tablet&quot;:{&quot;unit&quot;:&quot;deg&quot;,&quot;size&quot;:&quot;&quot;,&quot;sizes&quot;:[]},&quot;_transform_rotateZ_effect_mobile&quot;:{&quot;unit&quot;:&quot;deg&quot;,&quot;size&quot;:&quot;&quot;,&quot;sizes&quot;:[]}}\" data-widget_type=\"tpg-section-title.default\">\n\t\t\t\t<div class=\"elementor-widget-container\">\n\t\t\t\t\t\t\t<div class=\"rt-container-fluid rt-tpg-container tpg-el-main-wrapper clearfix  section-title-style-style2 section-title-align-left\">\n\t\t\t<div class='tpg-header-wrapper'>\n        <div class=\"tpg-widget-heading-wrapper rt-clear heading-style2 \">\n            <span class=\"tpg-widget-heading-line line-left\"><\/span>\n\t\t\t<h2 class='tpg-widget-heading'>\n\t\t\t\n\t\t\t\t                    <span>\n\t\t\t\t\t\tMatem\u00e1ticas-IA\t\t\t\t\t<\/span>\n\t\t\t\t\t\n\t\t\t\t\t\t\t<\/h2>            <span class=\"tpg-widget-heading-line line-right\"><\/span>\n\n\t\t\t\n        <\/div>\n\n\t\t\n\t\t<\/div>\t\t<\/div>\n\t\t\t\t\t\t<\/div>\n\t\t\t\t<\/div>\n\t\t\t\t\t<\/div>\n\t\t\t\t<\/div>\n\t\t<div class=\"elementor-element elementor-element-1d9f59fb e-flex e-con-boxed e-con e-parent\" data-id=\"1d9f59fb\" data-element_type=\"container\" data-settings=\"{&quot;_ha_eqh_enable&quot;:false}\">\n\t\t\t\t\t<div class=\"e-con-inner\">\n\t\t\t\t<div class=\"elementor-element elementor-element-69d43c9f elementor-widget elementor-widget-heading\" data-id=\"69d43c9f\" data-element_type=\"widget\" data-widget_type=\"heading.default\">\n\t\t\t\t<div class=\"elementor-widget-container\">\n\t\t\t\t\t<h4 class=\"elementor-heading-title elementor-size-default\">SEMILLAS .--<\/h4>\t\t\t\t<\/div>\n\t\t\t\t<\/div>\n\t\t\t\t\t<\/div>\n\t\t\t\t<\/div>\n\t\t<div class=\"elementor-element elementor-element-47fbb98 e-flex e-con-boxed e-con e-parent\" data-id=\"47fbb98\" data-element_type=\"container\" data-settings=\"{&quot;_ha_eqh_enable&quot;:false}\">\n\t\t\t\t\t<div class=\"e-con-inner\">\n\t\t\t\t<div class=\"elementor-element elementor-element-3ce7e44 elementor-widget elementor-widget-text-editor\" data-id=\"3ce7e44\" data-element_type=\"widget\" data-widget_type=\"text-editor.default\">\n\t\t\t\t<div class=\"elementor-widget-container\">\n\t\t\t\t\t\t\t\t\t<ol><li>El problema del viajante.<\/li><li>Inteligencia Artificial.<\/li><li>Puntos de Lagrange.<\/li><li>Las \u00f3rbitas de los sat\u00e9lites alrededor de la Tierra.<\/li><li>\u00bfQu\u00e9 es una \u00f3rbita? Tipos de \u00f3rbitas.<\/li><\/ol>\t\t\t\t\t\t\t\t<\/div>\n\t\t\t\t<\/div>\n\t\t\t\t\t<\/div>\n\t\t\t\t<\/div>\n\t\t<div class=\"elementor-element elementor-element-c46a7bc e-flex e-con-boxed e-con e-parent\" data-id=\"c46a7bc\" data-element_type=\"container\" data-settings=\"{&quot;_ha_eqh_enable&quot;:false}\">\n\t\t\t\t\t<div class=\"e-con-inner\">\n\t\t\t\t<div class=\"elementor-element elementor-element-ec38532 elementor-widget elementor-widget-eael-image-accordion\" data-id=\"ec38532\" data-element_type=\"widget\" data-widget_type=\"eael-image-accordion.default\">\n\t\t\t\t<div class=\"elementor-widget-container\">\n\t\t\t\t\t    <div class=\"eael-img-accordion accordion-direction-vertical eael-img-accordion-horizontal-align-left eael-img-accordion-vertical-align-top\" id=\"eael-img-accordion-ec38532\" data-img-accordion-id=\"ec38532\" data-img-accordion-type=\"on-hover\">\n                    \n            <div class=\"eael-image-accordion-hover eael-image-accordion-item overlay-active\" style=\"background-image: url(https:\/\/jcuva.ucm.es\/wp-content\/uploads\/2025\/02\/matematicas1.png); flex: 3 1 0%;\"  tabindex=\"0\">\n                <div class=\"overlay\">\n                                        <div class=\"overlay-inner  overlay-inner-show\">\n                        <h2 class=\"img-accordion-title\">1. El problema del viajante<\/h2>                            <p><p>El problema del viajante (conocido como TSP, por sus siglas en ingl\u00e9s) es un problema de optimizaci\u00f3n combinatoria cl\u00e1sico, que consiste en encontrar la ruta m\u00e1s corta posible que permita visitar un conjunto de ciudades y regresar al punto de partida. Este problema, conocido desde el siglo XIX, ha sido estudiado en diversos contextos y es de gran relevancia en matem\u00e1ticas e inteligencia artificial debido a su gran complejidad computacional. La soluci\u00f3n \u00f3ptima implica evaluar todas las posibles permutaciones de rutas, lo cual es impracticable para un gran n\u00famero de ciudades debido al crecimiento exponencial del n\u00famero de combinaciones. Para abordar este desaf\u00edo, se utilizan t\u00e9cnicas llamadas metaheur\u00edsticas, que proporcionan soluciones aproximadas en tiempos razonables aunque no garantizan que la soluci\u00f3n alcanzada sea la \u00f3ptima.<\/p><\/p>\n                                            <\/div>\n                <\/div>\n            <\/div>\n                    \n            <div class=\"eael-image-accordion-hover eael-image-accordion-item\" style=\"background-image: url(https:\/\/jcuva.ucm.es\/wp-content\/uploads\/2025\/02\/matematicas2.png);\"  tabindex=\"0\">\n                <div class=\"overlay\">\n                                        <div class=\"overlay-inner \">\n                        <h2 class=\"img-accordion-title\">2. Inteligencia Artificial<\/h2>                            <p><p>La inteligencia artificial (IA) se ha integrado profundamente en las matem\u00e1ticas, especialmente en la resoluci\u00f3n de problemas complejos que requieren optimizaci\u00f3n y an\u00e1lisis de grandes vol\u00famenes de datos. Algoritmos como los gen\u00e9ticos se basan en principios de evoluci\u00f3n y selecci\u00f3n natural para mejorar soluciones a lo largo de generaciones, aplic\u00e1ndose eficazmente en problemas como el del viajante. Estos algoritmos representan una clase de metaheur\u00edsticas que permiten la exploraci\u00f3n de vastos espacios de soluci\u00f3n de manera eficiente. La IA tambi\u00e9n incluye t\u00e9cnicas como redes neuronales, aprendizaje autom\u00e1tico y m\u00e1quinas de vector soporte, todas ellas destinadas a identificar patrones complejos y hacer predicciones basadas en datos. Este enfoque ha revolucionado campos como la astronom\u00eda, donde la IA facilita la planificaci\u00f3n de observaciones y el an\u00e1lisis de datos astron\u00f3micos, mejorando significativamente los resultados cient\u00edficos. T\u00e9cnicas como las redes neuronales artificiales, los \u00e1rboles de decisi\u00f3n y las m\u00e1quinas de vector soporte se utilizan para clasificar y analizar datos astron\u00f3micos, ayudando a distinguir entre diferentes tipos de objetos celestes y fen\u00f3menos.<\/p><\/p>\n                                            <\/div>\n                <\/div>\n            <\/div>\n                    \n            <div class=\"eael-image-accordion-hover eael-image-accordion-item\" style=\"background-image: url(https:\/\/jcuva.ucm.es\/wp-content\/uploads\/2025\/02\/matematicas3.png);\"  tabindex=\"0\">\n                <div class=\"overlay\">\n                                        <div class=\"overlay-inner \">\n                        <h2 class=\"img-accordion-title\">3. Puntos de Lagrange<\/h2>                            <p><p>Los Puntos de Lagrange son posiciones en el espacio donde las fuerzas gravitacionales y el movimiento orbital de dos cuerpos celestes se equilibran, permitiendo que un tercer objeto se mantenga en una posici\u00f3n fija relativa a los otros dos. Estos puntos son estrat\u00e9gicos para la colocaci\u00f3n de sat\u00e9lites y estaciones espaciales debido a su estabilidad. Dos de estos puntos son los mas empleados, el punto L1, que est\u00e1 situado entre la Tierra y el Sol y es ideal para sat\u00e9lites de observaci\u00f3n solar y el L2, para misiones de observaci\u00f3n astron\u00f3mica, ya que proporciona una vista despejada y continua del espacio profundo sin interferencias de la Tierra o el Sol, es en este donde se encuentra el James Webb.<\/p><\/p>\n                                            <\/div>\n                <\/div>\n            <\/div>\n                    \n            <div class=\"eael-image-accordion-hover eael-image-accordion-item\" style=\"background-image: url(https:\/\/jcuva.ucm.es\/wp-content\/uploads\/2025\/02\/matematicas4.png);\"  tabindex=\"0\">\n                <div class=\"overlay\">\n                                        <div class=\"overlay-inner \">\n                        <h2 class=\"img-accordion-title\">4. Las \u00f3rbitas de los sat\u00e9lites alrededor de la Tierra<\/h2>                            <p><p>Las \u00f3rbitas m\u00e1s utilizadas por los sat\u00e9lites artificiales se definen por su trayectoria y su distancia al centro de la Tierra. Por su distancia se clasifican en:<br \/>[1] \u00d3rbita Baja Terrestre (LEO): Se encuentra a una altitud de entre 160 y 2,000 kil\u00f3metros. Es ideal para sat\u00e9lites de observaci\u00f3n de la Tierra, telescopios espaciales y la Estaci\u00f3n Espacial Internacional debido a su proximidad y facilidad de acceso.<br \/>[2] \u00d3rbita Media Terrestre (MEO): Rango de altitud de 2,000 a 35,786 kil\u00f3metros. Utilizada principalmente para sistemas de navegaci\u00f3n como el GPS.<br \/>[3] \u00d3rbita Geos\u00edncrona (GEO): A 35,786 kil\u00f3metros sobre el ecuador. Los sat\u00e9lites en esta \u00f3rbita tienen un periodo orbital igual al de la rotaci\u00f3n terrestre y permiten la monitorizaci\u00f3n continua de una zona de la Tierra. [ 4] La \u00d3rbita Geoestacionaria permite mantenerse sobre la misma posici\u00f3n en la superficie terrestre y es ideal para comunicaciones y meteorolog\u00eda.<\/p><p>Por su inclinaci\u00f3n, las \u00f3rbitas pueden ser polares (si pasan por los polos de la Tierra), ecuatoriales (si est\u00e1n contenidas en el Ecuador) o tener cualquier inclinaci\u00f3n intermedia entre estos valores. Las \u00f3rbitas polares permiten rastrear toda la superficie terrestre y por este motivo son muy utilizadas.<\/p><\/p>\n                                            <\/div>\n                <\/div>\n            <\/div>\n                    \n            <div class=\"eael-image-accordion-hover eael-image-accordion-item\" style=\"background-image: url(https:\/\/jcuva.ucm.es\/wp-content\/uploads\/2025\/02\/matematicas5.png);\"  tabindex=\"0\">\n                <div class=\"overlay\">\n                                        <div class=\"overlay-inner \">\n                        <h2 class=\"img-accordion-title\">5. \u00bfQu\u00e9 es una \u00f3rbita? Tipos de \u00f3rbitas<\/h2>                            <p><p>Una \u00f3rbita es la trayectoria curva que sigue un objeto alrededor de otro debido a la influencia gravitatoria. Existen varios tipos de \u00f3rbitas, clasificadas principalmente por su forma y la relaci\u00f3n con el cuerpo que orbitan. Las \u00f3rbitas el\u00edpticas son las m\u00e1s comunes en los sistemas planetarios, donde los planetas trazan elipses alrededor de la estrella anfitriona, como en el Sistema Solar. Las \u00f3rbitas circulares, aunque poco probables en la naturaleza, consituyen un caso especial de las el\u00edpticas. Por otro lado, las \u00f3rbitas parab\u00f3licas e hiperb\u00f3licas no son cerradas y generalmente describen trayectorias de objetos que pasan una sola vez cerca de otro cuerpo celeste, curvando su trayectoria y alej\u00e1ndose para siempre de \u00e9ste, como experimentan algunos cometas. En la exploraci\u00f3n espacial, las \u00f3rbitas de los sat\u00e9lites artificiales tambi\u00e9n se clasifican por su orientaci\u00f3n y prop\u00f3sito, por ejemplo, las \u00f3rbitas geoestacionarias, permanecen fijas respecto a un punto en la Tierra, mientras que las \u00f3rbitas polares, pasan sobre los polos terrestres y son \u00fatiles para la observaci\u00f3n y el mapeo global.<\/p><\/p>\n                                            <\/div>\n                <\/div>\n            <\/div>\n                <\/div>\n        <style typr=\"text\/css\">\n                    #eael-img-accordion-ec38532 .eael-image-accordion-hover:hover {\n                        flex: 3 1 0% !important;\n                    }\n                    #eael-img-accordion-ec38532 .eael-image-accordion-hover:hover:hover .overlay-inner * {\n                        opacity: 1;\n                        visibility: visible;\n                        transform: none;\n                        transition: all .3s .3s;\n                    }\n                <\/style>\t\t\t\t<\/div>\n\t\t\t\t<\/div>\n\t\t\t\t\t<\/div>\n\t\t\t\t<\/div>\n\t\t\t\t<\/div>\n\t\t","protected":false},"excerpt":{"rendered":"<p>Astronom\u00eda Matem\u00e1ticas-IA F\u00edsica El entorno Espacial Historia y Futuro Filosof\u00eda y Derecho Agencias Espaciales Proyectos Emprendimiento Habitabilidad Matem\u00e1ticas-IA SEMILLAS .&#8211; El problema del viajante. Inteligencia Artificial. Puntos de Lagrange. Las \u00f3rbitas de los sat\u00e9lites alrededor de la Tierra. \u00bfQu\u00e9 es una \u00f3rbita? Tipos de \u00f3rbitas. 1. El problema del viajante El problema del viajante (conocido &hellip; <\/p>\n<p class=\"link-more\"><a href=\"https:\/\/jcuva.ucm.es\/?page_id=3031\" class=\"more-link\">Continue reading<span class=\"screen-reader-text\"> &#8220;Matematicas-IA&#8221;<\/span><\/a><\/p>\n","protected":false},"author":2,"featured_media":0,"parent":0,"menu_order":7,"comment_status":"closed","ping_status":"closed","template":"elementor_header_footer","meta":{"footnotes":""},"class_list":["post-3031","page","type-page","status-publish","hentry"],"rttpg_featured_image_url":null,"rttpg_author":{"display_name":"Sonia P\u00e9rez","author_link":"https:\/\/jcuva.ucm.es\/?author=2"},"rttpg_comment":0,"rttpg_category":null,"rttpg_excerpt":"Astronom\u00eda Matem\u00e1ticas-IA F\u00edsica El entorno Espacial Historia y Futuro Filosof\u00eda y Derecho Agencias Espaciales Proyectos Emprendimiento Habitabilidad Matem\u00e1ticas-IA SEMILLAS .&#8211; El problema del viajante. Inteligencia Artificial. Puntos de Lagrange. Las \u00f3rbitas de los sat\u00e9lites alrededor de la Tierra. \u00bfQu\u00e9 es una \u00f3rbita? Tipos de \u00f3rbitas. 1. El problema del viajante El problema del viajante (conocido&hellip;","_links":{"self":[{"href":"https:\/\/jcuva.ucm.es\/index.php?rest_route=\/wp\/v2\/pages\/3031","targetHints":{"allow":["GET"]}}],"collection":[{"href":"https:\/\/jcuva.ucm.es\/index.php?rest_route=\/wp\/v2\/pages"}],"about":[{"href":"https:\/\/jcuva.ucm.es\/index.php?rest_route=\/wp\/v2\/types\/page"}],"author":[{"embeddable":true,"href":"https:\/\/jcuva.ucm.es\/index.php?rest_route=\/wp\/v2\/users\/2"}],"replies":[{"embeddable":true,"href":"https:\/\/jcuva.ucm.es\/index.php?rest_route=%2Fwp%2Fv2%2Fcomments&post=3031"}],"version-history":[{"count":61,"href":"https:\/\/jcuva.ucm.es\/index.php?rest_route=\/wp\/v2\/pages\/3031\/revisions"}],"predecessor-version":[{"id":3883,"href":"https:\/\/jcuva.ucm.es\/index.php?rest_route=\/wp\/v2\/pages\/3031\/revisions\/3883"}],"wp:attachment":[{"href":"https:\/\/jcuva.ucm.es\/index.php?rest_route=%2Fwp%2Fv2%2Fmedia&parent=3031"}],"curies":[{"name":"wp","href":"https:\/\/api.w.org\/{rel}","templated":true}]}}