{"id":2739,"date":"2025-02-18T10:12:53","date_gmt":"2025-02-18T10:12:53","guid":{"rendered":"https:\/\/jcuva.ucm.es\/?page_id=2739"},"modified":"2025-02-27T12:58:49","modified_gmt":"2025-02-27T12:58:49","slug":"seeds","status":"publish","type":"page","link":"https:\/\/jcuva.ucm.es\/?page_id=2739","title":{"rendered":"SEEDS"},"content":{"rendered":"\t\t<div data-elementor-type=\"wp-page\" data-elementor-id=\"2739\" class=\"elementor elementor-2739\" data-elementor-settings=\"{&quot;ha_cmc_init_switcher&quot;:&quot;no&quot;}\">\n\t\t\t\t<div class=\"elementor-element elementor-element-d99f3b0 e-flex e-con-boxed e-con e-parent\" data-id=\"d99f3b0\" data-element_type=\"container\" data-settings=\"{&quot;_ha_eqh_enable&quot;:false}\">\n\t\t\t\t\t<div class=\"e-con-inner\">\n\t\t\t\t<div class=\"elementor-element elementor-element-b0a8ceb section-title-style-style2 section-title-align-left elementor-widget__width-initial e-transform elementor-widget elementor-widget-tpg-section-title\" data-id=\"b0a8ceb\" data-element_type=\"widget\" data-settings=\"{&quot;_transform_rotateZ_effect&quot;:{&quot;unit&quot;:&quot;px&quot;,&quot;size&quot;:0,&quot;sizes&quot;:[]},&quot;_transform_rotateZ_effect_tablet&quot;:{&quot;unit&quot;:&quot;deg&quot;,&quot;size&quot;:&quot;&quot;,&quot;sizes&quot;:[]},&quot;_transform_rotateZ_effect_mobile&quot;:{&quot;unit&quot;:&quot;deg&quot;,&quot;size&quot;:&quot;&quot;,&quot;sizes&quot;:[]}}\" data-widget_type=\"tpg-section-title.default\">\n\t\t\t\t<div class=\"elementor-widget-container\">\n\t\t\t\t\t\t\t<div class=\"rt-container-fluid rt-tpg-container tpg-el-main-wrapper clearfix  section-title-style-style2 section-title-align-left\">\n\t\t\t<div class='tpg-header-wrapper'>\n        <div class=\"tpg-widget-heading-wrapper rt-clear heading-style2 \">\n            <span class=\"tpg-widget-heading-line line-left\"><\/span>\n\t\t\t<h2 class='tpg-widget-heading'>\n\t\t\t\n\t\t\t\t                    <span>\n\t\t\t\t\t\tSeeds of Space Knowledge\t\t\t\t\t<\/span>\n\t\t\t\t\t\n\t\t\t\t\t\t\t<\/h2>            <span class=\"tpg-widget-heading-line line-right\"><\/span>\n\n\t\t\t\n        <\/div>\n\n\t\t\n\t\t<\/div>\t\t<\/div>\n\t\t\t\t\t\t<\/div>\n\t\t\t\t<\/div>\n\t\t\t\t\t<\/div>\n\t\t\t\t<\/div>\n\t\t<div class=\"elementor-element elementor-element-ca90300 e-flex e-con-boxed e-con e-parent\" data-id=\"ca90300\" data-element_type=\"container\" data-settings=\"{&quot;_ha_eqh_enable&quot;:false}\">\n\t\t\t\t\t<div class=\"e-con-inner\">\n\t\t\t\t<div class=\"elementor-element elementor-element-b6896a2 elementor-widget elementor-widget-ha-navigation-menu happy-addon ha-navigation-menu\" data-id=\"b6896a2\" data-element_type=\"widget\" data-widget_type=\"ha-navigation-menu.default\">\n\t\t\t\t<div class=\"elementor-widget-container\">\n\t\t\t\t\t<nav class=\"ha-nav-menu ha-navigation-menu-wrapper\"><div class=\"menu-seeds-container\">\t\t\t\t<div class=\"ha-nav-humberger-wrapper\">\n\t\t\t\t\t<span class=\"ha-menu-open-icon ha-menu-toggler\" data-humberger=\"open\"><\/span>\n\t\t\t\t\t<span class=\"ha-menu-close-icon ha-menu-toggler hide-icon\" data-humberger=\"close\"><\/span>\n\t\t\t\t<\/div>\n\t\t\t<ul id=\"menu-seeds\" class=\"menu\"><li id=\"menu-item-2818\" class=\"menu-item menu-item-type-post_type menu-item-object-page\"><a href=\"https:\/\/jcuva.ucm.es\/?page_id=2801\"><span class=\"menu-item-title\">Astronom\u00eda<\/span><\/a><\/li>\n<li id=\"menu-item-3058\" class=\"menu-item menu-item-type-post_type menu-item-object-page\"><a href=\"https:\/\/jcuva.ucm.es\/?page_id=3031\"><span class=\"menu-item-title\">Matem\u00e1ticas-IA<\/span><\/a><\/li>\n<li id=\"menu-item-3057\" class=\"menu-item menu-item-type-post_type menu-item-object-page\"><a href=\"https:\/\/jcuva.ucm.es\/?page_id=3034\"><span class=\"menu-item-title\">F\u00edsica<\/span><\/a><\/li>\n<li id=\"menu-item-3056\" class=\"menu-item menu-item-type-post_type menu-item-object-page\"><a href=\"https:\/\/jcuva.ucm.es\/?page_id=3036\"><span class=\"menu-item-title\">El entorno Espacial<\/span><\/a><\/li>\n<li id=\"menu-item-3055\" class=\"menu-item menu-item-type-post_type menu-item-object-page\"><a href=\"https:\/\/jcuva.ucm.es\/?page_id=3038\"><span class=\"menu-item-title\">Historia y Futuro<\/span><\/a><\/li>\n<li id=\"menu-item-3054\" class=\"menu-item menu-item-type-post_type menu-item-object-page\"><a href=\"https:\/\/jcuva.ucm.es\/?page_id=3040\"><span class=\"menu-item-title\">Filosof\u00eda y Derecho<\/span><\/a><\/li>\n<li id=\"menu-item-3053\" class=\"menu-item menu-item-type-post_type menu-item-object-page\"><a href=\"https:\/\/jcuva.ucm.es\/?page_id=3042\"><span class=\"menu-item-title\">Agencias Espaciales<\/span><\/a><\/li>\n<li id=\"menu-item-3052\" class=\"menu-item menu-item-type-post_type menu-item-object-page\"><a href=\"https:\/\/jcuva.ucm.es\/?page_id=3044\"><span class=\"menu-item-title\">Proyectos<\/span><\/a><\/li>\n<li id=\"menu-item-3051\" class=\"menu-item menu-item-type-post_type menu-item-object-page\"><a href=\"https:\/\/jcuva.ucm.es\/?page_id=3046\"><span class=\"menu-item-title\">Emprendimiento<\/span><\/a><\/li>\n<li id=\"menu-item-3050\" class=\"menu-item menu-item-type-post_type menu-item-object-page\"><a href=\"https:\/\/jcuva.ucm.es\/?page_id=3048\"><span class=\"menu-item-title\">Habitabilidad<\/span><\/a><\/li>\n<li id=\"menu-item-3395\" class=\"menu-item menu-item-type-gs_sim menu-item-object-gs_sim\"><div class=\"gtranslate_wrapper\" id=\"gt-wrapper-40424757\"><\/div><\/li>\n<\/ul><\/div><\/nav>\t\t\t\t<\/div>\n\t\t\t\t<\/div>\n\t\t\t\t\t<\/div>\n\t\t\t\t<\/div>\n\t\t<div class=\"elementor-element elementor-element-afb7aae e-flex e-con-boxed e-con e-parent\" data-id=\"afb7aae\" data-element_type=\"container\" data-settings=\"{&quot;_ha_eqh_enable&quot;:false}\">\n\t\t\t\t\t<div class=\"e-con-inner\">\n\t\t\t\t<div class=\"elementor-element elementor-element-529de24 elementor-widget__width-auto elementor-widget elementor-widget-shortcode\" data-id=\"529de24\" data-element_type=\"widget\" data-widget_type=\"shortcode.default\">\n\t\t\t\t<div class=\"elementor-widget-container\">\n\t\t\t\t\t\t\t<div class=\"elementor-shortcode\">\n<style>\n\t#hotspot-2754 .hotspots-image-container,\n\t#hotspot-2754 .leaflet-container {\n\t\tbackground: #efefef\t}\n\n\t#hotspot-2754 .hotspots-placeholder {\n\t\tbackground: #ffffff;\n\t\tborder: 0 #ffffff solid;\n\t\tcolor: #000000;\n\t}\n\n\t#hotspot-2754 .hotspot-title {\n\t\tcolor: #000000;\n\t}\n\n\t\t\t#hotspot-2754 .hotspot-default {\n\t\t\tstroke-width: 1;\n\t\t\tfill: #ffffff;\n\t\t\tfill-opacity: 0;\n\t\t\tstroke: #ffffff;\n\t\t\tstroke-opacity: 0;\n\t\t}\n\t\t#hotspot-2754 .hotspot-default:hover,\n\t\t#hotspot-2754 .hotspot-default:focus-visible,\n\t\t#hotspot-2754 .hotspot-default.hotspot-active {\n\t\t\tfill: #ffffff;\n\t\t\tfill-opacity: 0.36;\n\t\t\tstroke: #000000;\n\t\t\tstroke-opacity: 0.51;\n\t\t}\n\t\t#hotspot-2754 .leaflet-tooltip,\n\t#hotspot-2754 .leaflet-rrose-content-wrapper {\n\t\tbackground: #ffffff;\n\t\tborder-color: #ffffff;\n\t\tcolor: #000000;\n\t}\n\n\t#hotspot-2754 a.leaflet-rrose-close-button {\n\t\tcolor: #000000;\n\t}\n\n\t#hotspot-2754 .leaflet-rrose-tip {\n\t\tbackground: #ffffff;\n\t}\n\n\t#hotspot-2754 .leaflet-popup-scrolled {\n\t\tborder-bottom-color: #000000;\n\t\tborder-top-color: #000000;\n\t}\n\n\t#hotspot-2754 .leaflet-tooltip-top:before {\n\t\tborder-top-color: #ffffff;\n\t}\n\n\t#hotspot-2754 .leaflet-tooltip-bottom:before {\n\t\tborder-bottom-color: #ffffff;\n\t}\n\t#hotspot-2754 .leaflet-tooltip-left:before {\n\t\tborder-left-color: #ffffff;\n\t}\n\t#hotspot-2754 .leaflet-tooltip-right:before {\n\t\tborder-right-color: #ffffff;\n\t}\n<\/style>\n\n\t\n\t<div class=\"hotspots-container links-only layout-left event-click\" id=\"hotspot-2754\" data-layout=\"left\" data-trigger=\"click\">\n\t\t<div class=\"hotspots-interaction\">\n\t\t\t<div class=\"hotspots-image-container\">\n\t<img\n\t\twidth=\"1380\"\n\t\theight=\"773\"\n\t\tsrc=\"https:\/\/jcuva.ucm.es\/wp-content\/uploads\/2025\/02\/sunflower_definitivE.png\"\n\t\talt=\"\"\n\t\tclass=\"hotspots-image skip-lazy\"\n\t\tusemap=\"#hotspots-image-2754\"\n\t\tdata-image-title=\"\"\n\t\tdata-image-description=\"\"\n\t\tdata-event-trigger=\"click\"\n\t\tdata-always-visible=\"false\"\n\t\tdata-id=\"2754\"\n\t\tdata-no-lazy=\"1\"\n\t\tdata-lazy-src=\"\"\n\t\tdata-lazy=\"false\"\n\t\tloading=\"eager\"\n\t\tdata-skip-lazy=\"1\"\n\t\t>\n<\/div>\t\t<\/div>\n\t\t<map name=\"hotspots-image-2754\" class=\"hotspots-map\">\n\t\t\t\t\t\t\t\t\t\t\t<area\n\t\t\t\t\tshape=\"circle\"\n\t\t\t\t\tcoords=\"1100,348,15\"\n\t\t\t\t\thref=\"https:\/\/jcuva.ucm.es\/?page_id=2801\"\n\t\t\t\t\trel=\"\"\n\t\t\t\t\ttitle=\"Astronomu00eda\"\n\t\t\t\t\talt=\"Astronomu00eda\"\n\t\t\t\t\tdata-action=\"url\"\n\t\t\t\t\tdata-color-scheme=\"\"\n\t\t\t\t\ttarget=\"\"\n\t\t\t\t\tclass=\"url-area\"\n\t\t\t\t\t>\n\t\t\t\t\t\t\t\t\t\t\t<area\n\t\t\t\t\tshape=\"circle\"\n\t\t\t\t\tcoords=\"991,269,15\"\n\t\t\t\t\thref=\"https:\/\/jcuva.ucm.es\/?page_id=3031\"\n\t\t\t\t\trel=\"\"\n\t\t\t\t\ttitle=\"Matemu00e1ticas-IA\"\n\t\t\t\t\talt=\"Matemu00e1ticas-IA\"\n\t\t\t\t\tdata-action=\"url\"\n\t\t\t\t\tdata-color-scheme=\"\"\n\t\t\t\t\ttarget=\"\"\n\t\t\t\t\tclass=\"url-area\"\n\t\t\t\t\t>\n\t\t\t\t\t\t\t\t\t\t\t<area\n\t\t\t\t\tshape=\"circle\"\n\t\t\t\t\tcoords=\"1053,431,14\"\n\t\t\t\t\thref=\"https:\/\/jcuva.ucm.es\/?page_id=3034\"\n\t\t\t\t\trel=\"\"\n\t\t\t\t\ttitle=\"Fu00edsica\"\n\t\t\t\t\talt=\"Fu00edsica\"\n\t\t\t\t\tdata-action=\"url\"\n\t\t\t\t\tdata-color-scheme=\"\"\n\t\t\t\t\ttarget=\"\"\n\t\t\t\t\tclass=\"url-area\"\n\t\t\t\t\t>\n\t\t\t\t\t\t\t\t\t\t\t<area\n\t\t\t\t\tshape=\"circle\"\n\t\t\t\t\tcoords=\"921,351,14\"\n\t\t\t\t\thref=\"https:\/\/jcuva.ucm.es\/?page_id=3036\"\n\t\t\t\t\trel=\"\"\n\t\t\t\t\ttitle=\"El entorno Espacial\"\n\t\t\t\t\talt=\"El entorno Espacial\"\n\t\t\t\t\tdata-action=\"url\"\n\t\t\t\t\tdata-color-scheme=\"\"\n\t\t\t\t\ttarget=\"\"\n\t\t\t\t\tclass=\"url-area\"\n\t\t\t\t\t>\n\t\t\t\t\t\t\t\t\t\t\t<area\n\t\t\t\t\tshape=\"circle\"\n\t\t\t\t\tcoords=\"748,278,13\"\n\t\t\t\t\thref=\"https:\/\/jcuva.ucm.es\/?page_id=3038\"\n\t\t\t\t\trel=\"\"\n\t\t\t\t\ttitle=\"Historia y Futuro\"\n\t\t\t\t\talt=\"Historia y Futuro\"\n\t\t\t\t\tdata-action=\"url\"\n\t\t\t\t\tdata-color-scheme=\"\"\n\t\t\t\t\ttarget=\"\"\n\t\t\t\t\tclass=\"url-area\"\n\t\t\t\t\t>\n\t\t\t\t\t\t\t\t\t\t\t<area\n\t\t\t\t\tshape=\"circle\"\n\t\t\t\t\tcoords=\"597,269,14\"\n\t\t\t\t\thref=\"https:\/\/jcuva.ucm.es\/?page_id=3040\"\n\t\t\t\t\trel=\"\"\n\t\t\t\t\ttitle=\"Filosofu00eda y Derecho\"\n\t\t\t\t\talt=\"Filosofu00eda y Derecho\"\n\t\t\t\t\tdata-action=\"url\"\n\t\t\t\t\tdata-color-scheme=\"\"\n\t\t\t\t\ttarget=\"\"\n\t\t\t\t\tclass=\"url-area\"\n\t\t\t\t\t>\n\t\t\t\t\t\t\t\t\t\t\t<area\n\t\t\t\t\tshape=\"circle\"\n\t\t\t\t\tcoords=\"508,483,14\"\n\t\t\t\t\thref=\"https:\/\/jcuva.ucm.es\/?page_id=3042\"\n\t\t\t\t\trel=\"\"\n\t\t\t\t\ttitle=\"Agencias Espaciales\"\n\t\t\t\t\talt=\"Agencias Espaciales\"\n\t\t\t\t\tdata-action=\"url\"\n\t\t\t\t\tdata-color-scheme=\"\"\n\t\t\t\t\ttarget=\"\"\n\t\t\t\t\tclass=\"url-area\"\n\t\t\t\t\t>\n\t\t\t\t\t\t\t\t\t\t\t<area\n\t\t\t\t\tshape=\"circle\"\n\t\t\t\t\tcoords=\"953,617,13\"\n\t\t\t\t\thref=\"https:\/\/jcuva.ucm.es\/?page_id=3044\"\n\t\t\t\t\trel=\"\"\n\t\t\t\t\ttitle=\"Proyectos\"\n\t\t\t\t\talt=\"Proyectos\"\n\t\t\t\t\tdata-action=\"url\"\n\t\t\t\t\tdata-color-scheme=\"\"\n\t\t\t\t\ttarget=\"\"\n\t\t\t\t\tclass=\"url-area\"\n\t\t\t\t\t>\n\t\t\t\t\t\t\t\t\t\t\t<area\n\t\t\t\t\tshape=\"circle\"\n\t\t\t\t\tcoords=\"170,611,14\"\n\t\t\t\t\thref=\"https:\/\/jcuva.ucm.es\/?page_id=3046\"\n\t\t\t\t\trel=\"\"\n\t\t\t\t\ttitle=\"Economu00eda &amp; Emprendimiento\"\n\t\t\t\t\talt=\"Economu00eda &amp; Emprendimiento\"\n\t\t\t\t\tdata-action=\"url\"\n\t\t\t\t\tdata-color-scheme=\"\"\n\t\t\t\t\ttarget=\"\"\n\t\t\t\t\tclass=\"url-area\"\n\t\t\t\t\t>\n\t\t\t\t\t\t\t\t\t\t\t<area\n\t\t\t\t\tshape=\"circle\"\n\t\t\t\t\tcoords=\"66,626,13\"\n\t\t\t\t\thref=\"https:\/\/jcuva.ucm.es\/?page_id=3048\"\n\t\t\t\t\trel=\"\"\n\t\t\t\t\ttitle=\"Habitabilidad\"\n\t\t\t\t\talt=\"Habitabilidad\"\n\t\t\t\t\tdata-action=\"url\"\n\t\t\t\t\tdata-color-scheme=\"\"\n\t\t\t\t\ttarget=\"\"\n\t\t\t\t\tclass=\"url-area\"\n\t\t\t\t\t>\n\t\t\t\t\t<\/map>\n\n\t\t\n\t\t\t\t\t\t\t\t\t\t\t\t\t\t\t\t\t\t\t\t\t\t\t\t\t\t\t\t\t\t\t\t\t<\/div>\n\n<\/div>\n\t\t\t\t\t\t<\/div>\n\t\t\t\t<\/div>\n\t\t\t\t\t<\/div>\n\t\t\t\t<\/div>\n\t\t\t\t<\/div>\n\t\t","protected":false},"excerpt":{"rendered":"<p>Seeds of Space Knowledge Astronom\u00eda Matem\u00e1ticas-IA F\u00edsica El entorno Espacial Historia y Futuro Filosof\u00eda y Derecho Agencias Espaciales Proyectos Emprendimiento Habitabilidad<\/p>\n","protected":false},"author":2,"featured_media":0,"parent":0,"menu_order":7,"comment_status":"closed","ping_status":"closed","template":"elementor_header_footer","meta":{"footnotes":""},"class_list":["post-2739","page","type-page","status-publish","hentry"],"rttpg_featured_image_url":null,"rttpg_author":{"display_name":"Sonia P\u00e9rez","author_link":"https:\/\/jcuva.ucm.es\/?author=2"},"rttpg_comment":0,"rttpg_category":null,"rttpg_excerpt":"Seeds of Space Knowledge Astronom\u00eda Matem\u00e1ticas-IA F\u00edsica El entorno Espacial Historia y Futuro Filosof\u00eda y Derecho Agencias Espaciales Proyectos Emprendimiento Habitabilidad","_links":{"self":[{"href":"https:\/\/jcuva.ucm.es\/index.php?rest_route=\/wp\/v2\/pages\/2739","targetHints":{"allow":["GET"]}}],"collection":[{"href":"https:\/\/jcuva.ucm.es\/index.php?rest_route=\/wp\/v2\/pages"}],"about":[{"href":"https:\/\/jcuva.ucm.es\/index.php?rest_route=\/wp\/v2\/types\/page"}],"author":[{"embeddable":true,"href":"https:\/\/jcuva.ucm.es\/index.php?rest_route=\/wp\/v2\/users\/2"}],"replies":[{"embeddable":true,"href":"https:\/\/jcuva.ucm.es\/index.php?rest_route=%2Fwp%2Fv2%2Fcomments&post=2739"}],"version-history":[{"count":89,"href":"https:\/\/jcuva.ucm.es\/index.php?rest_route=\/wp\/v2\/pages\/2739\/revisions"}],"predecessor-version":[{"id":4067,"href":"https:\/\/jcuva.ucm.es\/index.php?rest_route=\/wp\/v2\/pages\/2739\/revisions\/4067"}],"wp:attachment":[{"href":"https:\/\/jcuva.ucm.es\/index.php?rest_route=%2Fwp%2Fv2%2Fmedia&parent=2739"}],"curies":[{"name":"wp","href":"https:\/\/api.w.org\/{rel}","templated":true}]}}